{"id":4204,"date":"2023-01-16T11:18:39","date_gmt":"2023-01-16T11:18:39","guid":{"rendered":"https:\/\/molinacarnerosarquitectos.com\/exp-041-seron-educational-center\/"},"modified":"2024-04-10T07:20:11","modified_gmt":"2024-04-10T07:20:11","slug":"exp-041-seron-educational-center","status":"publish","type":"page","link":"https:\/\/molinacarnerosarquitectos.com\/en\/exp-041-seron-educational-center\/","title":{"rendered":"EXP. 041: Ser\u00f3n Educational Center"},"content":{"rendered":"\t\t<div data-elementor-type=\"wp-page\" data-elementor-id=\"4204\" class=\"elementor elementor-4204 elementor-787\" data-elementor-post-type=\"page\">\n\t\t\t\t\t\t<section class=\"elementor-section elementor-top-section elementor-element elementor-element-b0a07ee elementor-section-boxed elementor-section-height-default elementor-section-height-default\" data-id=\"b0a07ee\" data-element_type=\"section\" data-e-type=\"section\">\n\t\t\t\t\t\t<div class=\"elementor-container elementor-column-gap-narrow\">\n\t\t\t\t\t<div class=\"elementor-column elementor-col-100 elementor-top-column elementor-element elementor-element-1751828\" data-id=\"1751828\" data-element_type=\"column\" data-e-type=\"column\">\n\t\t\t<div class=\"elementor-widget-wrap elementor-element-populated\">\n\t\t\t\t\t\t<div class=\"elementor-element elementor-element-5e506fd4 elementor-widget elementor-widget-heading\" data-id=\"5e506fd4\" data-element_type=\"widget\" data-e-type=\"widget\" alt=\"CENTRO EDUCATIVO SER\u00d3N. ALMER\u00cdA.\" data-widget_type=\"heading.default\">\n\t\t\t\t<div class=\"elementor-widget-container\">\n\t\t\t\t\t<h1 class=\"elementor-heading-title elementor-size-default\">SER\u00d3N EDUCATIONAL CENTER. ALMER\u00cdA.<\/h1>\t\t\t\t<\/div>\n\t\t\t\t<\/div>\n\t\t\t\t<div class=\"elementor-element elementor-element-764e842 elementor-widget elementor-widget-text-editor\" data-id=\"764e842\" data-element_type=\"widget\" data-e-type=\"widget\" data-widget_type=\"text-editor.default\">\n\t\t\t\t<div class=\"elementor-widget-container\">\n\t\t\t\t\t\t\t\t\t<p>This action involved the demolition of the buildings of the old center and the construction of new spaces that house the primary and kindergarten students. The school is of type C1, i.e., it has three multi-purpose classrooms for kindergarten and six multi-purpose classrooms for primary school, for a total of 225 school places. It also has a teachers&#8217; lounge, management office, head of studies office, AMPA and students&#8217; lounge, janitor&#8217;s office, separate toilets for students and teachers, storage room, changing rooms for non-teaching staff, library, multipurpose room and common areas for kindergarten. It also has a gymnasium with changing rooms, playgrounds for kindergarten and elementary school and a sports court.<\/p>\n\t\t\t\t\t\t\t\t<\/div>\n\t\t\t\t<\/div>\n\t\t\t\t\t<\/div>\n\t\t<\/div>\n\t\t\t\t\t<\/div>\n\t\t<\/section>\n\t\t\t\t<section class=\"elementor-section elementor-top-section elementor-element elementor-element-14908ff3 elementor-section-boxed elementor-section-height-default elementor-section-height-default\" data-id=\"14908ff3\" data-element_type=\"section\" data-e-type=\"section\">\n\t\t\t\t\t\t<div class=\"elementor-container elementor-column-gap-default\">\n\t\t\t\t\t<div class=\"elementor-column elementor-col-100 elementor-top-column elementor-element elementor-element-1a9941b1\" data-id=\"1a9941b1\" data-element_type=\"column\" data-e-type=\"column\">\n\t\t\t<div class=\"elementor-widget-wrap elementor-element-populated\">\n\t\t\t\t\t\t<div class=\"elementor-element elementor-element-17de67ac elementor-widget elementor-widget-image\" data-id=\"17de67ac\" data-element_type=\"widget\" data-e-type=\"widget\" data-widget_type=\"image.default\">\n\t\t\t\t<div class=\"elementor-widget-container\">\n\t\t\t\t\t\t\t\t\t\t\t\t\t\t\t<img fetchpriority=\"high\" decoding=\"async\" width=\"2560\" height=\"1696\" src=\"https:\/\/molinacarnerosarquitectos.com\/wp-content\/uploads\/2023\/02\/DSC_0550-progressive-scaled.jpeg\" class=\"attachment-full size-full wp-image-1867\" alt=\"Colegio visto desde el exterior granada\" srcset=\"https:\/\/molinacarnerosarquitectos.com\/wp-content\/uploads\/2023\/02\/DSC_0550-progressive-scaled.jpeg 2560w, https:\/\/molinacarnerosarquitectos.com\/wp-content\/uploads\/2023\/02\/DSC_0550-progressive-300x199.jpeg 300w, https:\/\/molinacarnerosarquitectos.com\/wp-content\/uploads\/2023\/02\/DSC_0550-progressive-1024x678.jpeg 1024w, https:\/\/molinacarnerosarquitectos.com\/wp-content\/uploads\/2023\/02\/DSC_0550-progressive-768x509.jpeg 768w, https:\/\/molinacarnerosarquitectos.com\/wp-content\/uploads\/2023\/02\/DSC_0550-progressive-1536x1017.jpeg 1536w, https:\/\/molinacarnerosarquitectos.com\/wp-content\/uploads\/2023\/02\/DSC_0550-progressive-2048x1356.jpeg 2048w\" sizes=\"(max-width: 2560px) 100vw, 2560px\" \/>\t\t\t\t\t\t\t\t\t\t\t\t\t\t\t<\/div>\n\t\t\t\t<\/div>\n\t\t\t\t\t<\/div>\n\t\t<\/div>\n\t\t\t\t\t<\/div>\n\t\t<\/section>\n\t\t\t\t<section class=\"elementor-section elementor-top-section elementor-element elementor-element-3ec2cef8 elementor-section-boxed elementor-section-height-default elementor-section-height-default\" data-id=\"3ec2cef8\" data-element_type=\"section\" data-e-type=\"section\">\n\t\t\t\t\t\t<div class=\"elementor-container elementor-column-gap-default\">\n\t\t\t\t\t<div class=\"elementor-column elementor-col-100 elementor-top-column elementor-element elementor-element-1c0d6233\" data-id=\"1c0d6233\" data-element_type=\"column\" data-e-type=\"column\">\n\t\t\t<div class=\"elementor-widget-wrap elementor-element-populated\">\n\t\t\t\t\t\t<div class=\"elementor-element elementor-element-2068e783 elementor-widget elementor-widget-image\" data-id=\"2068e783\" data-element_type=\"widget\" data-e-type=\"widget\" alt=\"CENTRO EDUCATIVO SER\u00d3N. ALMER\u00cdA.\" data-widget_type=\"image.default\">\n\t\t\t\t<div class=\"elementor-widget-container\">\n\t\t\t\t\t\t\t\t\t\t\t\t\t\t\t<img decoding=\"async\" width=\"2560\" height=\"1640\" src=\"https:\/\/molinacarnerosarquitectos.com\/wp-content\/uploads\/2023\/02\/MIGUEL_ZUBELDIA_1_-_copia-progressive-scaled.jpeg\" class=\"attachment-full size-full wp-image-1873\" alt=\"Colegio visto desde el exterior granada\" srcset=\"https:\/\/molinacarnerosarquitectos.com\/wp-content\/uploads\/2023\/02\/MIGUEL_ZUBELDIA_1_-_copia-progressive-scaled.jpeg 2560w, https:\/\/molinacarnerosarquitectos.com\/wp-content\/uploads\/2023\/02\/MIGUEL_ZUBELDIA_1_-_copia-progressive-300x192.jpeg 300w, https:\/\/molinacarnerosarquitectos.com\/wp-content\/uploads\/2023\/02\/MIGUEL_ZUBELDIA_1_-_copia-progressive-1024x656.jpeg 1024w, https:\/\/molinacarnerosarquitectos.com\/wp-content\/uploads\/2023\/02\/MIGUEL_ZUBELDIA_1_-_copia-progressive-768x492.jpeg 768w, https:\/\/molinacarnerosarquitectos.com\/wp-content\/uploads\/2023\/02\/MIGUEL_ZUBELDIA_1_-_copia-progressive-1536x984.jpeg 1536w, https:\/\/molinacarnerosarquitectos.com\/wp-content\/uploads\/2023\/02\/MIGUEL_ZUBELDIA_1_-_copia-progressive-2048x1312.jpeg 2048w\" sizes=\"(max-width: 2560px) 100vw, 2560px\" \/>\t\t\t\t\t\t\t\t\t\t\t\t\t\t\t<\/div>\n\t\t\t\t<\/div>\n\t\t\t\t\t<\/div>\n\t\t<\/div>\n\t\t\t\t\t<\/div>\n\t\t<\/section>\n\t\t\t\t<section class=\"elementor-section elementor-top-section elementor-element elementor-element-a228f29 elementor-section-boxed elementor-section-height-default elementor-section-height-default\" data-id=\"a228f29\" data-element_type=\"section\" data-e-type=\"section\">\n\t\t\t\t\t\t<div class=\"elementor-container elementor-column-gap-default\">\n\t\t\t\t\t<div class=\"elementor-column elementor-col-100 elementor-top-column elementor-element elementor-element-6909e49\" data-id=\"6909e49\" data-element_type=\"column\" data-e-type=\"column\">\n\t\t\t<div class=\"elementor-widget-wrap elementor-element-populated\">\n\t\t\t\t\t\t<div class=\"elementor-element elementor-element-35c5adf elementor-widget elementor-widget-image\" data-id=\"35c5adf\" data-element_type=\"widget\" data-e-type=\"widget\" alt=\"CENTRO EDUCATIVO SER\u00d3N. ALMER\u00cdA.\" data-widget_type=\"image.default\">\n\t\t\t\t<div class=\"elementor-widget-container\">\n\t\t\t\t\t\t\t\t\t\t\t\t\t\t\t<img decoding=\"async\" width=\"2560\" height=\"1720\" src=\"https:\/\/molinacarnerosarquitectos.com\/wp-content\/uploads\/2023\/02\/MIGUEL_ZUBELDIA_2-progressive-scaled.jpeg\" class=\"attachment-full size-full wp-image-1874\" alt=\"Colegio visto desde el exterior granada\" srcset=\"https:\/\/molinacarnerosarquitectos.com\/wp-content\/uploads\/2023\/02\/MIGUEL_ZUBELDIA_2-progressive-scaled.jpeg 2560w, https:\/\/molinacarnerosarquitectos.com\/wp-content\/uploads\/2023\/02\/MIGUEL_ZUBELDIA_2-progressive-300x202.jpeg 300w, https:\/\/molinacarnerosarquitectos.com\/wp-content\/uploads\/2023\/02\/MIGUEL_ZUBELDIA_2-progressive-1024x688.jpeg 1024w, https:\/\/molinacarnerosarquitectos.com\/wp-content\/uploads\/2023\/02\/MIGUEL_ZUBELDIA_2-progressive-768x516.jpeg 768w, https:\/\/molinacarnerosarquitectos.com\/wp-content\/uploads\/2023\/02\/MIGUEL_ZUBELDIA_2-progressive-1536x1032.jpeg 1536w, https:\/\/molinacarnerosarquitectos.com\/wp-content\/uploads\/2023\/02\/MIGUEL_ZUBELDIA_2-progressive-2048x1376.jpeg 2048w\" sizes=\"(max-width: 2560px) 100vw, 2560px\" \/>\t\t\t\t\t\t\t\t\t\t\t\t\t\t\t<\/div>\n\t\t\t\t<\/div>\n\t\t\t\t\t<\/div>\n\t\t<\/div>\n\t\t\t\t\t<\/div>\n\t\t<\/section>\n\t\t\t\t<section class=\"elementor-section elementor-top-section elementor-element elementor-element-98b9035 elementor-section-boxed elementor-section-height-default elementor-section-height-default\" data-id=\"98b9035\" data-element_type=\"section\" data-e-type=\"section\">\n\t\t\t\t\t\t<div class=\"elementor-container elementor-column-gap-default\">\n\t\t\t\t\t<div class=\"elementor-column elementor-col-50 elementor-top-column elementor-element elementor-element-448b0120\" data-id=\"448b0120\" data-element_type=\"column\" data-e-type=\"column\">\n\t\t\t<div class=\"elementor-widget-wrap elementor-element-populated\">\n\t\t\t\t\t\t<div class=\"elementor-element elementor-element-60264431 elementor-widget elementor-widget-image\" data-id=\"60264431\" data-element_type=\"widget\" data-e-type=\"widget\" alt=\"CENTRO EDUCATIVO SER\u00d3N. ALMER\u00cdA.\" data-widget_type=\"image.default\">\n\t\t\t\t<div class=\"elementor-widget-container\">\n\t\t\t\t\t\t\t\t\t\t\t\t\t\t\t<img loading=\"lazy\" decoding=\"async\" width=\"967\" height=\"1536\" src=\"https:\/\/molinacarnerosarquitectos.com\/wp-content\/uploads\/2023\/01\/FOTO-6-967x1536.jpg\" class=\"attachment-1536x1536 size-1536x1536 wp-image-794\" alt=\"Colegio visto desde el exterior granada\" srcset=\"https:\/\/molinacarnerosarquitectos.com\/wp-content\/uploads\/2023\/01\/FOTO-6-967x1536.jpg 967w, https:\/\/molinacarnerosarquitectos.com\/wp-content\/uploads\/2023\/01\/FOTO-6-189x300.jpg 189w, https:\/\/molinacarnerosarquitectos.com\/wp-content\/uploads\/2023\/01\/FOTO-6-645x1024.jpg 645w, https:\/\/molinacarnerosarquitectos.com\/wp-content\/uploads\/2023\/01\/FOTO-6-768x1219.jpg 768w, https:\/\/molinacarnerosarquitectos.com\/wp-content\/uploads\/2023\/01\/FOTO-6-1290x2048.jpg 1290w, https:\/\/molinacarnerosarquitectos.com\/wp-content\/uploads\/2023\/01\/FOTO-6-scaled.jpg 1612w\" sizes=\"(max-width: 967px) 100vw, 967px\" \/>\t\t\t\t\t\t\t\t\t\t\t\t\t\t\t<\/div>\n\t\t\t\t<\/div>\n\t\t\t\t\t<\/div>\n\t\t<\/div>\n\t\t\t\t<div class=\"elementor-column elementor-col-50 elementor-top-column elementor-element elementor-element-770fd38c\" data-id=\"770fd38c\" data-element_type=\"column\" data-e-type=\"column\">\n\t\t\t<div class=\"elementor-widget-wrap elementor-element-populated\">\n\t\t\t\t\t\t<div class=\"elementor-element elementor-element-3516abc0 elementor-widget elementor-widget-image\" data-id=\"3516abc0\" data-element_type=\"widget\" data-e-type=\"widget\" alt=\"CENTRO EDUCATIVO SER\u00d3N. ALMER\u00cdA.\" data-widget_type=\"image.default\">\n\t\t\t\t<div class=\"elementor-widget-container\">\n\t\t\t\t\t\t\t\t\t\t\t\t\t\t\t<img loading=\"lazy\" decoding=\"async\" width=\"2560\" height=\"2388\" src=\"https:\/\/molinacarnerosarquitectos.com\/wp-content\/uploads\/2023\/02\/MIGUEL_ZUBELDIA_3-progressive-scaled.jpeg\" class=\"attachment-full size-full wp-image-1875\" alt=\"Colegio visto desde el exterior granada\" srcset=\"https:\/\/molinacarnerosarquitectos.com\/wp-content\/uploads\/2023\/02\/MIGUEL_ZUBELDIA_3-progressive-scaled.jpeg 2560w, https:\/\/molinacarnerosarquitectos.com\/wp-content\/uploads\/2023\/02\/MIGUEL_ZUBELDIA_3-progressive-300x280.jpeg 300w, https:\/\/molinacarnerosarquitectos.com\/wp-content\/uploads\/2023\/02\/MIGUEL_ZUBELDIA_3-progressive-1024x955.jpeg 1024w, https:\/\/molinacarnerosarquitectos.com\/wp-content\/uploads\/2023\/02\/MIGUEL_ZUBELDIA_3-progressive-768x716.jpeg 768w, https:\/\/molinacarnerosarquitectos.com\/wp-content\/uploads\/2023\/02\/MIGUEL_ZUBELDIA_3-progressive-1536x1433.jpeg 1536w, https:\/\/molinacarnerosarquitectos.com\/wp-content\/uploads\/2023\/02\/MIGUEL_ZUBELDIA_3-progressive-2048x1911.jpeg 2048w\" sizes=\"(max-width: 2560px) 100vw, 2560px\" \/>\t\t\t\t\t\t\t\t\t\t\t\t\t\t\t<\/div>\n\t\t\t\t<\/div>\n\t\t\t\t\t<\/div>\n\t\t<\/div>\n\t\t\t\t\t<\/div>\n\t\t<\/section>\n\t\t\t\t<\/div>\n\t\t","protected":false},"excerpt":{"rendered":"<p>SER\u00d3N EDUCATIONAL CENTER. ALMER\u00cdA. This action involved the demolition of the buildings of the old center and the construction of new spaces that house the primary and kindergarten students. The school is of type C1, i.e., it has three multi-purpose classrooms for kindergarten and six multi-purpose classrooms for primary school, for a total of 225 [&hellip;]<\/p>\n","protected":false},"author":2,"featured_media":0,"parent":0,"menu_order":0,"comment_status":"closed","ping_status":"closed","template":"","meta":{"footnotes":""},"class_list":["post-4204","page","type-page","status-publish","hentry"],"yoast_head":"<!-- This site is optimized with the Yoast SEO plugin v26.8 - https:\/\/yoast.com\/product\/yoast-seo-wordpress\/ -->\n<title>Ser\u00f3n Educational Center, Almer\u00eda - Molina Carneros Arquitectos<\/title>\n<meta name=\"robots\" content=\"index, follow, max-snippet:-1, max-image-preview:large, max-video-preview:-1\" \/>\n<link rel=\"canonical\" href=\"https:\/\/molinacarnerosarquitectos.com\/en\/exp-041-seron-educational-center\/\" \/>\n<meta property=\"og:locale\" content=\"en_US\" \/>\n<meta property=\"og:type\" content=\"article\" \/>\n<meta property=\"og:title\" content=\"Ser\u00f3n Educational Center, Almer\u00eda - Molina Carneros Arquitectos\" \/>\n<meta property=\"og:description\" content=\"SER\u00d3N EDUCATIONAL CENTER. ALMER\u00cdA. This action involved the demolition of the buildings of the old center and the construction of new spaces that house the primary and kindergarten students. The school is of type C1, i.e., it has three multi-purpose classrooms for kindergarten and six multi-purpose classrooms for primary school, for a total of 225 [&hellip;]\" \/>\n<meta property=\"og:url\" content=\"https:\/\/molinacarnerosarquitectos.com\/en\/exp-041-seron-educational-center\/\" \/>\n<meta property=\"og:site_name\" content=\"Molina Arquitectos\" \/>\n<meta property=\"article:modified_time\" content=\"2024-04-10T07:20:11+00:00\" \/>\n<meta property=\"og:image\" content=\"https:\/\/molinacarnerosarquitectos.com\/wp-content\/uploads\/2023\/02\/DSC_0550-progressive-scaled.jpeg\" \/>\n<meta name=\"twitter:card\" content=\"summary_large_image\" \/>\n<meta name=\"twitter:label1\" content=\"Est. reading time\" \/>\n\t<meta name=\"twitter:data1\" content=\"2 minutes\" \/>\n<script type=\"application\/ld+json\" class=\"yoast-schema-graph\">{\"@context\":\"https:\/\/schema.org\",\"@graph\":[{\"@type\":\"WebPage\",\"@id\":\"https:\/\/molinacarnerosarquitectos.com\/en\/exp-041-seron-educational-center\/\",\"url\":\"https:\/\/molinacarnerosarquitectos.com\/en\/exp-041-seron-educational-center\/\",\"name\":\"Ser\u00f3n Educational Center, Almer\u00eda - Molina Carneros Arquitectos\",\"isPartOf\":{\"@id\":\"https:\/\/molinacarnerosarquitectos.com\/en\/#website\"},\"primaryImageOfPage\":{\"@id\":\"https:\/\/molinacarnerosarquitectos.com\/en\/exp-041-seron-educational-center\/#primaryimage\"},\"image\":{\"@id\":\"https:\/\/molinacarnerosarquitectos.com\/en\/exp-041-seron-educational-center\/#primaryimage\"},\"thumbnailUrl\":\"https:\/\/molinacarnerosarquitectos.com\/wp-content\/uploads\/2023\/02\/DSC_0550-progressive-scaled.jpeg\",\"datePublished\":\"2023-01-16T11:18:39+00:00\",\"dateModified\":\"2024-04-10T07:20:11+00:00\",\"breadcrumb\":{\"@id\":\"https:\/\/molinacarnerosarquitectos.com\/en\/exp-041-seron-educational-center\/#breadcrumb\"},\"inLanguage\":\"en-US\",\"potentialAction\":[{\"@type\":\"ReadAction\",\"target\":[\"https:\/\/molinacarnerosarquitectos.com\/en\/exp-041-seron-educational-center\/\"]}]},{\"@type\":\"ImageObject\",\"inLanguage\":\"en-US\",\"@id\":\"https:\/\/molinacarnerosarquitectos.com\/en\/exp-041-seron-educational-center\/#primaryimage\",\"url\":\"https:\/\/molinacarnerosarquitectos.com\/wp-content\/uploads\/2023\/02\/DSC_0550-progressive-scaled.jpeg\",\"contentUrl\":\"https:\/\/molinacarnerosarquitectos.com\/wp-content\/uploads\/2023\/02\/DSC_0550-progressive-scaled.jpeg\"},{\"@type\":\"BreadcrumbList\",\"@id\":\"https:\/\/molinacarnerosarquitectos.com\/en\/exp-041-seron-educational-center\/#breadcrumb\",\"itemListElement\":[{\"@type\":\"ListItem\",\"position\":1,\"name\":\"Portada\",\"item\":\"https:\/\/molinacarnerosarquitectos.com\/en\/\"},{\"@type\":\"ListItem\",\"position\":2,\"name\":\"EXP. 041: Ser\u00f3n Educational Center\"}]},{\"@type\":\"WebSite\",\"@id\":\"https:\/\/molinacarnerosarquitectos.com\/en\/#website\",\"url\":\"https:\/\/molinacarnerosarquitectos.com\/en\/\",\"name\":\"Molina Carneros Arquitectos\",\"description\":\"\",\"publisher\":{\"@id\":\"https:\/\/molinacarnerosarquitectos.com\/en\/#organization\"},\"potentialAction\":[{\"@type\":\"SearchAction\",\"target\":{\"@type\":\"EntryPoint\",\"urlTemplate\":\"https:\/\/molinacarnerosarquitectos.com\/en\/?s={search_term_string}\"},\"query-input\":{\"@type\":\"PropertyValueSpecification\",\"valueRequired\":true,\"valueName\":\"search_term_string\"}}],\"inLanguage\":\"en-US\"},{\"@type\":\"Organization\",\"@id\":\"https:\/\/molinacarnerosarquitectos.com\/en\/#organization\",\"name\":\"Molina Carneros Arquitectos\",\"url\":\"https:\/\/molinacarnerosarquitectos.com\/en\/\",\"logo\":{\"@type\":\"ImageObject\",\"inLanguage\":\"en-US\",\"@id\":\"https:\/\/molinacarnerosarquitectos.com\/en\/#\/schema\/logo\/image\/\",\"url\":\"https:\/\/molinacarnerosarquitectos.com\/wp-content\/uploads\/2023\/01\/WhatsApp-Image-2023-01-11-at-13.32.21.jpeg\",\"contentUrl\":\"https:\/\/molinacarnerosarquitectos.com\/wp-content\/uploads\/2023\/01\/WhatsApp-Image-2023-01-11-at-13.32.21.jpeg\",\"width\":846,\"height\":217,\"caption\":\"Molina Carneros Arquitectos\"},\"image\":{\"@id\":\"https:\/\/molinacarnerosarquitectos.com\/en\/#\/schema\/logo\/image\/\"},\"sameAs\":[\"https:\/\/www.instagram.com\/_molina_carneros_\/\"]}]}<\/script>\n<!-- \/ Yoast SEO plugin. -->","yoast_head_json":{"title":"Ser\u00f3n Educational Center, Almer\u00eda - Molina Carneros Arquitectos","robots":{"index":"index","follow":"follow","max-snippet":"max-snippet:-1","max-image-preview":"max-image-preview:large","max-video-preview":"max-video-preview:-1"},"canonical":"https:\/\/molinacarnerosarquitectos.com\/en\/exp-041-seron-educational-center\/","og_locale":"en_US","og_type":"article","og_title":"Ser\u00f3n Educational Center, Almer\u00eda - Molina Carneros Arquitectos","og_description":"SER\u00d3N EDUCATIONAL CENTER. ALMER\u00cdA. This action involved the demolition of the buildings of the old center and the construction of new spaces that house the primary and kindergarten students. The school is of type C1, i.e., it has three multi-purpose classrooms for kindergarten and six multi-purpose classrooms for primary school, for a total of 225 [&hellip;]","og_url":"https:\/\/molinacarnerosarquitectos.com\/en\/exp-041-seron-educational-center\/","og_site_name":"Molina Arquitectos","article_modified_time":"2024-04-10T07:20:11+00:00","og_image":[{"url":"https:\/\/molinacarnerosarquitectos.com\/wp-content\/uploads\/2023\/02\/DSC_0550-progressive-scaled.jpeg","type":"","width":"","height":""}],"twitter_card":"summary_large_image","twitter_misc":{"Est. reading time":"2 minutes"},"schema":{"@context":"https:\/\/schema.org","@graph":[{"@type":"WebPage","@id":"https:\/\/molinacarnerosarquitectos.com\/en\/exp-041-seron-educational-center\/","url":"https:\/\/molinacarnerosarquitectos.com\/en\/exp-041-seron-educational-center\/","name":"Ser\u00f3n Educational Center, Almer\u00eda - Molina Carneros Arquitectos","isPartOf":{"@id":"https:\/\/molinacarnerosarquitectos.com\/en\/#website"},"primaryImageOfPage":{"@id":"https:\/\/molinacarnerosarquitectos.com\/en\/exp-041-seron-educational-center\/#primaryimage"},"image":{"@id":"https:\/\/molinacarnerosarquitectos.com\/en\/exp-041-seron-educational-center\/#primaryimage"},"thumbnailUrl":"https:\/\/molinacarnerosarquitectos.com\/wp-content\/uploads\/2023\/02\/DSC_0550-progressive-scaled.jpeg","datePublished":"2023-01-16T11:18:39+00:00","dateModified":"2024-04-10T07:20:11+00:00","breadcrumb":{"@id":"https:\/\/molinacarnerosarquitectos.com\/en\/exp-041-seron-educational-center\/#breadcrumb"},"inLanguage":"en-US","potentialAction":[{"@type":"ReadAction","target":["https:\/\/molinacarnerosarquitectos.com\/en\/exp-041-seron-educational-center\/"]}]},{"@type":"ImageObject","inLanguage":"en-US","@id":"https:\/\/molinacarnerosarquitectos.com\/en\/exp-041-seron-educational-center\/#primaryimage","url":"https:\/\/molinacarnerosarquitectos.com\/wp-content\/uploads\/2023\/02\/DSC_0550-progressive-scaled.jpeg","contentUrl":"https:\/\/molinacarnerosarquitectos.com\/wp-content\/uploads\/2023\/02\/DSC_0550-progressive-scaled.jpeg"},{"@type":"BreadcrumbList","@id":"https:\/\/molinacarnerosarquitectos.com\/en\/exp-041-seron-educational-center\/#breadcrumb","itemListElement":[{"@type":"ListItem","position":1,"name":"Portada","item":"https:\/\/molinacarnerosarquitectos.com\/en\/"},{"@type":"ListItem","position":2,"name":"EXP. 041: Ser\u00f3n Educational Center"}]},{"@type":"WebSite","@id":"https:\/\/molinacarnerosarquitectos.com\/en\/#website","url":"https:\/\/molinacarnerosarquitectos.com\/en\/","name":"Molina Carneros Arquitectos","description":"","publisher":{"@id":"https:\/\/molinacarnerosarquitectos.com\/en\/#organization"},"potentialAction":[{"@type":"SearchAction","target":{"@type":"EntryPoint","urlTemplate":"https:\/\/molinacarnerosarquitectos.com\/en\/?s={search_term_string}"},"query-input":{"@type":"PropertyValueSpecification","valueRequired":true,"valueName":"search_term_string"}}],"inLanguage":"en-US"},{"@type":"Organization","@id":"https:\/\/molinacarnerosarquitectos.com\/en\/#organization","name":"Molina Carneros Arquitectos","url":"https:\/\/molinacarnerosarquitectos.com\/en\/","logo":{"@type":"ImageObject","inLanguage":"en-US","@id":"https:\/\/molinacarnerosarquitectos.com\/en\/#\/schema\/logo\/image\/","url":"https:\/\/molinacarnerosarquitectos.com\/wp-content\/uploads\/2023\/01\/WhatsApp-Image-2023-01-11-at-13.32.21.jpeg","contentUrl":"https:\/\/molinacarnerosarquitectos.com\/wp-content\/uploads\/2023\/01\/WhatsApp-Image-2023-01-11-at-13.32.21.jpeg","width":846,"height":217,"caption":"Molina Carneros Arquitectos"},"image":{"@id":"https:\/\/molinacarnerosarquitectos.com\/en\/#\/schema\/logo\/image\/"},"sameAs":["https:\/\/www.instagram.com\/_molina_carneros_\/"]}]}},"_links":{"self":[{"href":"https:\/\/molinacarnerosarquitectos.com\/en\/wp-json\/wp\/v2\/pages\/4204","targetHints":{"allow":["GET"]}}],"collection":[{"href":"https:\/\/molinacarnerosarquitectos.com\/en\/wp-json\/wp\/v2\/pages"}],"about":[{"href":"https:\/\/molinacarnerosarquitectos.com\/en\/wp-json\/wp\/v2\/types\/page"}],"author":[{"embeddable":true,"href":"https:\/\/molinacarnerosarquitectos.com\/en\/wp-json\/wp\/v2\/users\/2"}],"replies":[{"embeddable":true,"href":"https:\/\/molinacarnerosarquitectos.com\/en\/wp-json\/wp\/v2\/comments?post=4204"}],"version-history":[{"count":5,"href":"https:\/\/molinacarnerosarquitectos.com\/en\/wp-json\/wp\/v2\/pages\/4204\/revisions"}],"predecessor-version":[{"id":4834,"href":"https:\/\/molinacarnerosarquitectos.com\/en\/wp-json\/wp\/v2\/pages\/4204\/revisions\/4834"}],"wp:attachment":[{"href":"https:\/\/molinacarnerosarquitectos.com\/en\/wp-json\/wp\/v2\/media?parent=4204"}],"curies":[{"name":"wp","href":"https:\/\/api.w.org\/{rel}","templated":true}]}}