{"id":4216,"date":"2023-01-17T08:17:51","date_gmt":"2023-01-17T08:17:51","guid":{"rendered":"https:\/\/molinacarnerosarquitectos.com\/exp-147-sports-pavilion-vicar-almeria\/"},"modified":"2024-04-10T07:18:47","modified_gmt":"2024-04-10T07:18:47","slug":"exp-147-sports-pavilion-vicar-almeria","status":"publish","type":"page","link":"https:\/\/molinacarnerosarquitectos.com\/en\/exp-147-sports-pavilion-vicar-almeria\/","title":{"rendered":"EXP. 147: Sports pavilion. Vicar. Almeria"},"content":{"rendered":"\t\t<div data-elementor-type=\"wp-page\" data-elementor-id=\"4216\" class=\"elementor elementor-4216 elementor-922\" data-elementor-post-type=\"page\">\n\t\t\t\t\t\t<section class=\"elementor-section elementor-top-section elementor-element elementor-element-3b3ad473 elementor-section-boxed elementor-section-height-default elementor-section-height-default\" data-id=\"3b3ad473\" data-element_type=\"section\" data-e-type=\"section\">\n\t\t\t\t\t\t<div class=\"elementor-container elementor-column-gap-narrow\">\n\t\t\t\t\t<div class=\"elementor-column elementor-col-100 elementor-top-column elementor-element elementor-element-6eca42a4\" data-id=\"6eca42a4\" data-element_type=\"column\" data-e-type=\"column\">\n\t\t\t<div class=\"elementor-widget-wrap elementor-element-populated\">\n\t\t\t\t\t\t<div class=\"elementor-element elementor-element-6af6d2d0 elementor-widget elementor-widget-heading\" data-id=\"6af6d2d0\" data-element_type=\"widget\" data-e-type=\"widget\" data-widget_type=\"heading.default\">\n\t\t\t\t<div class=\"elementor-widget-container\">\n\t\t\t\t\t<h1 class=\"elementor-heading-title elementor-size-default\">Sports pavilion. V\u00edcar, Almer\u00eda.<\/h1>\t\t\t\t<\/div>\n\t\t\t\t<\/div>\n\t\t\t\t<div class=\"elementor-element elementor-element-6d44344b elementor-widget elementor-widget-text-editor\" data-id=\"6d44344b\" data-element_type=\"widget\" data-e-type=\"widget\" data-widget_type=\"text-editor.default\">\n\t\t\t\t<div class=\"elementor-widget-container\">\n\t\t\t\t\t\t\t\t\t<p>The project includes the construction of a new 450 square meter building, which will house a large gymnasium, as well as changing rooms and an office room. In addition, the project includes works of adaptation of the entire outdoor area, with the construction of multi-sports courts, which allow students to carry out their activities in the best conditions.<\/p>\n\t\t\t\t\t\t\t\t<\/div>\n\t\t\t\t<\/div>\n\t\t\t\t\t<\/div>\n\t\t<\/div>\n\t\t\t\t\t<\/div>\n\t\t<\/section>\n\t\t\t\t<section class=\"elementor-section elementor-top-section elementor-element elementor-element-6f560890 elementor-section-boxed elementor-section-height-default elementor-section-height-default\" data-id=\"6f560890\" data-element_type=\"section\" data-e-type=\"section\">\n\t\t\t\t\t\t<div class=\"elementor-container elementor-column-gap-default\">\n\t\t\t\t\t<div class=\"elementor-column elementor-col-100 elementor-top-column elementor-element elementor-element-6fd6c3a2\" data-id=\"6fd6c3a2\" data-element_type=\"column\" data-e-type=\"column\">\n\t\t\t<div class=\"elementor-widget-wrap elementor-element-populated\">\n\t\t\t\t\t\t<div class=\"elementor-element elementor-element-425e5ded elementor-widget elementor-widget-image\" data-id=\"425e5ded\" data-element_type=\"widget\" data-e-type=\"widget\" alt=\"Pabell\u00f3n deportivo. V\u00edcar, Almer\u00eda.\" data-widget_type=\"image.default\">\n\t\t\t\t<div class=\"elementor-widget-container\">\n\t\t\t\t\t\t\t\t\t\t\t\t\t\t\t<img fetchpriority=\"high\" decoding=\"async\" width=\"2560\" height=\"1669\" src=\"https:\/\/molinacarnerosarquitectos.com\/wp-content\/uploads\/2023\/02\/FOTO_4-progressive-scaled.jpeg\" class=\"attachment-full size-full wp-image-1870\" alt=\"Fachada del pabell\u00f3n deportivo granada\" srcset=\"https:\/\/molinacarnerosarquitectos.com\/wp-content\/uploads\/2023\/02\/FOTO_4-progressive-scaled.jpeg 2560w, https:\/\/molinacarnerosarquitectos.com\/wp-content\/uploads\/2023\/02\/FOTO_4-progressive-300x196.jpeg 300w, https:\/\/molinacarnerosarquitectos.com\/wp-content\/uploads\/2023\/02\/FOTO_4-progressive-1024x668.jpeg 1024w, https:\/\/molinacarnerosarquitectos.com\/wp-content\/uploads\/2023\/02\/FOTO_4-progressive-768x501.jpeg 768w, https:\/\/molinacarnerosarquitectos.com\/wp-content\/uploads\/2023\/02\/FOTO_4-progressive-1536x1001.jpeg 1536w, https:\/\/molinacarnerosarquitectos.com\/wp-content\/uploads\/2023\/02\/FOTO_4-progressive-2048x1335.jpeg 2048w\" sizes=\"(max-width: 2560px) 100vw, 2560px\" \/>\t\t\t\t\t\t\t\t\t\t\t\t\t\t\t<\/div>\n\t\t\t\t<\/div>\n\t\t\t\t\t<\/div>\n\t\t<\/div>\n\t\t\t\t\t<\/div>\n\t\t<\/section>\n\t\t\t\t<section class=\"elementor-section elementor-top-section elementor-element elementor-element-4ceb375c elementor-section-boxed elementor-section-height-default elementor-section-height-default\" data-id=\"4ceb375c\" data-element_type=\"section\" data-e-type=\"section\">\n\t\t\t\t\t\t<div class=\"elementor-container elementor-column-gap-default\">\n\t\t\t\t\t<div class=\"elementor-column elementor-col-100 elementor-top-column elementor-element elementor-element-9e7ecc8\" data-id=\"9e7ecc8\" data-element_type=\"column\" data-e-type=\"column\">\n\t\t\t<div class=\"elementor-widget-wrap elementor-element-populated\">\n\t\t\t\t\t\t<div class=\"elementor-element elementor-element-1e5205ac elementor-widget elementor-widget-image\" data-id=\"1e5205ac\" data-element_type=\"widget\" data-e-type=\"widget\" alt=\"Pabell\u00f3n deportivo. V\u00edcar, Almer\u00eda.\" data-widget_type=\"image.default\">\n\t\t\t\t<div class=\"elementor-widget-container\">\n\t\t\t\t\t\t\t\t\t\t\t\t\t\t\t<img decoding=\"async\" width=\"2560\" height=\"1629\" src=\"https:\/\/molinacarnerosarquitectos.com\/wp-content\/uploads\/2023\/02\/FOTO_3B-progressive-scaled.jpeg\" class=\"attachment-full size-full wp-image-1869\" alt=\"Fachada exterior del pabell\u00f3n deportivo granada\" srcset=\"https:\/\/molinacarnerosarquitectos.com\/wp-content\/uploads\/2023\/02\/FOTO_3B-progressive-scaled.jpeg 2560w, https:\/\/molinacarnerosarquitectos.com\/wp-content\/uploads\/2023\/02\/FOTO_3B-progressive-300x191.jpeg 300w, https:\/\/molinacarnerosarquitectos.com\/wp-content\/uploads\/2023\/02\/FOTO_3B-progressive-1024x652.jpeg 1024w, https:\/\/molinacarnerosarquitectos.com\/wp-content\/uploads\/2023\/02\/FOTO_3B-progressive-768x489.jpeg 768w, https:\/\/molinacarnerosarquitectos.com\/wp-content\/uploads\/2023\/02\/FOTO_3B-progressive-1536x978.jpeg 1536w, https:\/\/molinacarnerosarquitectos.com\/wp-content\/uploads\/2023\/02\/FOTO_3B-progressive-2048x1303.jpeg 2048w\" sizes=\"(max-width: 2560px) 100vw, 2560px\" \/>\t\t\t\t\t\t\t\t\t\t\t\t\t\t\t<\/div>\n\t\t\t\t<\/div>\n\t\t\t\t\t<\/div>\n\t\t<\/div>\n\t\t\t\t\t<\/div>\n\t\t<\/section>\n\t\t\t\t<section class=\"elementor-section elementor-top-section elementor-element elementor-element-3d0494ce elementor-section-boxed elementor-section-height-default elementor-section-height-default\" data-id=\"3d0494ce\" data-element_type=\"section\" data-e-type=\"section\">\n\t\t\t\t\t\t<div class=\"elementor-container elementor-column-gap-default\">\n\t\t\t\t\t<div class=\"elementor-column elementor-col-100 elementor-top-column elementor-element elementor-element-2d96bbe8\" data-id=\"2d96bbe8\" data-element_type=\"column\" data-e-type=\"column\">\n\t\t\t<div class=\"elementor-widget-wrap elementor-element-populated\">\n\t\t\t\t\t\t<div class=\"elementor-element elementor-element-59243c8f elementor-widget elementor-widget-image\" data-id=\"59243c8f\" data-element_type=\"widget\" data-e-type=\"widget\" alt=\"Pabell\u00f3n deportivo. V\u00edcar, Almer\u00eda.\" data-widget_type=\"image.default\">\n\t\t\t\t<div class=\"elementor-widget-container\">\n\t\t\t\t\t\t\t\t\t\t\t\t\t\t\t<img decoding=\"async\" width=\"2560\" height=\"1492\" src=\"https:\/\/molinacarnerosarquitectos.com\/wp-content\/uploads\/2023\/02\/FOTO_5B-progressive-scaled.jpeg\" class=\"attachment-full size-full wp-image-1871\" alt=\"Fachada exterior del pabell\u00f3n deportivo granada\" srcset=\"https:\/\/molinacarnerosarquitectos.com\/wp-content\/uploads\/2023\/02\/FOTO_5B-progressive-scaled.jpeg 2560w, https:\/\/molinacarnerosarquitectos.com\/wp-content\/uploads\/2023\/02\/FOTO_5B-progressive-300x175.jpeg 300w, https:\/\/molinacarnerosarquitectos.com\/wp-content\/uploads\/2023\/02\/FOTO_5B-progressive-1024x597.jpeg 1024w, https:\/\/molinacarnerosarquitectos.com\/wp-content\/uploads\/2023\/02\/FOTO_5B-progressive-768x448.jpeg 768w, https:\/\/molinacarnerosarquitectos.com\/wp-content\/uploads\/2023\/02\/FOTO_5B-progressive-1536x895.jpeg 1536w, https:\/\/molinacarnerosarquitectos.com\/wp-content\/uploads\/2023\/02\/FOTO_5B-progressive-2048x1194.jpeg 2048w\" sizes=\"(max-width: 2560px) 100vw, 2560px\" \/>\t\t\t\t\t\t\t\t\t\t\t\t\t\t\t<\/div>\n\t\t\t\t<\/div>\n\t\t\t\t\t<\/div>\n\t\t<\/div>\n\t\t\t\t\t<\/div>\n\t\t<\/section>\n\t\t\t\t<section class=\"elementor-section elementor-top-section elementor-element elementor-element-8c85a1a elementor-section-boxed elementor-section-height-default elementor-section-height-default\" data-id=\"8c85a1a\" data-element_type=\"section\" data-e-type=\"section\">\n\t\t\t\t\t\t<div class=\"elementor-container elementor-column-gap-default\">\n\t\t\t\t\t<div class=\"elementor-column elementor-col-100 elementor-top-column elementor-element elementor-element-8d6cc8c\" data-id=\"8d6cc8c\" data-element_type=\"column\" data-e-type=\"column\">\n\t\t\t<div class=\"elementor-widget-wrap elementor-element-populated\">\n\t\t\t\t\t\t<div class=\"elementor-element elementor-element-a4b1b94 elementor-widget elementor-widget-image\" data-id=\"a4b1b94\" data-element_type=\"widget\" data-e-type=\"widget\" alt=\"Pabell\u00f3n deportivo. V\u00edcar, Almer\u00eda.\" data-widget_type=\"image.default\">\n\t\t\t\t<div class=\"elementor-widget-container\">\n\t\t\t\t\t\t\t\t\t\t\t\t\t\t\t<img loading=\"lazy\" decoding=\"async\" width=\"1536\" height=\"906\" src=\"https:\/\/molinacarnerosarquitectos.com\/wp-content\/uploads\/2023\/01\/FOTO-1-1-1536x906.jpg\" class=\"attachment-1536x1536 size-1536x1536 wp-image-979\" alt=\"Interior del pabell\u00f3n deportivo granada\" srcset=\"https:\/\/molinacarnerosarquitectos.com\/wp-content\/uploads\/2023\/01\/FOTO-1-1-1536x906.jpg 1536w, https:\/\/molinacarnerosarquitectos.com\/wp-content\/uploads\/2023\/01\/FOTO-1-1-300x177.jpg 300w, https:\/\/molinacarnerosarquitectos.com\/wp-content\/uploads\/2023\/01\/FOTO-1-1-1024x604.jpg 1024w, https:\/\/molinacarnerosarquitectos.com\/wp-content\/uploads\/2023\/01\/FOTO-1-1-768x453.jpg 768w, https:\/\/molinacarnerosarquitectos.com\/wp-content\/uploads\/2023\/01\/FOTO-1-1-2048x1208.jpg 2048w\" sizes=\"(max-width: 1536px) 100vw, 1536px\" \/>\t\t\t\t\t\t\t\t\t\t\t\t\t\t\t<\/div>\n\t\t\t\t<\/div>\n\t\t\t\t\t<\/div>\n\t\t<\/div>\n\t\t\t\t\t<\/div>\n\t\t<\/section>\n\t\t\t\t<section class=\"elementor-section elementor-top-section elementor-element elementor-element-6cf25f61 elementor-section-boxed elementor-section-height-default elementor-section-height-default\" data-id=\"6cf25f61\" data-element_type=\"section\" data-e-type=\"section\">\n\t\t\t\t\t\t<div class=\"elementor-container elementor-column-gap-default\">\n\t\t\t\t\t<div class=\"elementor-column elementor-col-100 elementor-top-column elementor-element elementor-element-3d85eb35\" data-id=\"3d85eb35\" data-element_type=\"column\" data-e-type=\"column\">\n\t\t\t<div class=\"elementor-widget-wrap elementor-element-populated\">\n\t\t\t\t\t\t<div class=\"elementor-element elementor-element-149f9d79 elementor-widget elementor-widget-image\" data-id=\"149f9d79\" data-element_type=\"widget\" data-e-type=\"widget\" alt=\"Pabell\u00f3n deportivo. V\u00edcar, Almer\u00eda.\" data-widget_type=\"image.default\">\n\t\t\t\t<div class=\"elementor-widget-container\">\n\t\t\t\t\t\t\t\t\t\t\t\t\t\t\t<img loading=\"lazy\" decoding=\"async\" width=\"1696\" height=\"2560\" src=\"https:\/\/molinacarnerosarquitectos.com\/wp-content\/uploads\/2023\/02\/DSC_0773-progressive-scaled.jpeg\" class=\"attachment-full size-full wp-image-1868\" alt=\"Fachada del pabell\u00f3n deportivo granada\" srcset=\"https:\/\/molinacarnerosarquitectos.com\/wp-content\/uploads\/2023\/02\/DSC_0773-progressive-scaled.jpeg 1696w, https:\/\/molinacarnerosarquitectos.com\/wp-content\/uploads\/2023\/02\/DSC_0773-progressive-199x300.jpeg 199w, https:\/\/molinacarnerosarquitectos.com\/wp-content\/uploads\/2023\/02\/DSC_0773-progressive-678x1024.jpeg 678w, https:\/\/molinacarnerosarquitectos.com\/wp-content\/uploads\/2023\/02\/DSC_0773-progressive-768x1160.jpeg 768w, https:\/\/molinacarnerosarquitectos.com\/wp-content\/uploads\/2023\/02\/DSC_0773-progressive-1017x1536.jpeg 1017w, https:\/\/molinacarnerosarquitectos.com\/wp-content\/uploads\/2023\/02\/DSC_0773-progressive-1356x2048.jpeg 1356w\" sizes=\"(max-width: 1696px) 100vw, 1696px\" \/>\t\t\t\t\t\t\t\t\t\t\t\t\t\t\t<\/div>\n\t\t\t\t<\/div>\n\t\t\t\t\t<\/div>\n\t\t<\/div>\n\t\t\t\t\t<\/div>\n\t\t<\/section>\n\t\t\t\t<\/div>\n\t\t","protected":false},"excerpt":{"rendered":"<p>Sports pavilion. V\u00edcar, Almer\u00eda. The project includes the construction of a new 450 square meter building, which will house a large gymnasium, as well as changing rooms and an office room. In addition, the project includes works of adaptation of the entire outdoor area, with the construction of multi-sports courts, which allow students to carry [&hellip;]<\/p>\n","protected":false},"author":2,"featured_media":0,"parent":0,"menu_order":0,"comment_status":"closed","ping_status":"closed","template":"","meta":{"footnotes":""},"class_list":["post-4216","page","type-page","status-publish","hentry"],"yoast_head":"<!-- This site is optimized with the Yoast SEO plugin v26.8 - https:\/\/yoast.com\/product\/yoast-seo-wordpress\/ -->\n<title>Sports pavilion in V\u00edcar, Almer\u00eda - Molina Carneros Arquitectos<\/title>\n<meta name=\"robots\" content=\"index, follow, max-snippet:-1, max-image-preview:large, max-video-preview:-1\" \/>\n<link rel=\"canonical\" href=\"https:\/\/molinacarnerosarquitectos.com\/en\/exp-147-sports-pavilion-vicar-almeria\/\" \/>\n<meta property=\"og:locale\" content=\"en_US\" \/>\n<meta property=\"og:type\" content=\"article\" \/>\n<meta property=\"og:title\" content=\"Sports pavilion in V\u00edcar, Almer\u00eda - Molina Carneros Arquitectos\" \/>\n<meta property=\"og:description\" content=\"Sports pavilion. V\u00edcar, Almer\u00eda. The project includes the construction of a new 450 square meter building, which will house a large gymnasium, as well as changing rooms and an office room. In addition, the project includes works of adaptation of the entire outdoor area, with the construction of multi-sports courts, which allow students to carry [&hellip;]\" \/>\n<meta property=\"og:url\" content=\"https:\/\/molinacarnerosarquitectos.com\/en\/exp-147-sports-pavilion-vicar-almeria\/\" \/>\n<meta property=\"og:site_name\" content=\"Molina Arquitectos\" \/>\n<meta property=\"article:modified_time\" content=\"2024-04-10T07:18:47+00:00\" \/>\n<meta property=\"og:image\" content=\"https:\/\/molinacarnerosarquitectos.com\/wp-content\/uploads\/2023\/02\/FOTO_4-progressive-scaled.jpeg\" \/>\n<meta name=\"twitter:card\" content=\"summary_large_image\" \/>\n<meta name=\"twitter:label1\" content=\"Est. reading time\" \/>\n\t<meta name=\"twitter:data1\" content=\"2 minutes\" \/>\n<script type=\"application\/ld+json\" class=\"yoast-schema-graph\">{\"@context\":\"https:\/\/schema.org\",\"@graph\":[{\"@type\":\"WebPage\",\"@id\":\"https:\/\/molinacarnerosarquitectos.com\/en\/exp-147-sports-pavilion-vicar-almeria\/\",\"url\":\"https:\/\/molinacarnerosarquitectos.com\/en\/exp-147-sports-pavilion-vicar-almeria\/\",\"name\":\"Sports pavilion in V\u00edcar, Almer\u00eda - Molina Carneros Arquitectos\",\"isPartOf\":{\"@id\":\"https:\/\/molinacarnerosarquitectos.com\/en\/#website\"},\"primaryImageOfPage\":{\"@id\":\"https:\/\/molinacarnerosarquitectos.com\/en\/exp-147-sports-pavilion-vicar-almeria\/#primaryimage\"},\"image\":{\"@id\":\"https:\/\/molinacarnerosarquitectos.com\/en\/exp-147-sports-pavilion-vicar-almeria\/#primaryimage\"},\"thumbnailUrl\":\"https:\/\/molinacarnerosarquitectos.com\/wp-content\/uploads\/2023\/02\/FOTO_4-progressive-scaled.jpeg\",\"datePublished\":\"2023-01-17T08:17:51+00:00\",\"dateModified\":\"2024-04-10T07:18:47+00:00\",\"breadcrumb\":{\"@id\":\"https:\/\/molinacarnerosarquitectos.com\/en\/exp-147-sports-pavilion-vicar-almeria\/#breadcrumb\"},\"inLanguage\":\"en-US\",\"potentialAction\":[{\"@type\":\"ReadAction\",\"target\":[\"https:\/\/molinacarnerosarquitectos.com\/en\/exp-147-sports-pavilion-vicar-almeria\/\"]}]},{\"@type\":\"ImageObject\",\"inLanguage\":\"en-US\",\"@id\":\"https:\/\/molinacarnerosarquitectos.com\/en\/exp-147-sports-pavilion-vicar-almeria\/#primaryimage\",\"url\":\"https:\/\/molinacarnerosarquitectos.com\/wp-content\/uploads\/2023\/02\/FOTO_4-progressive-scaled.jpeg\",\"contentUrl\":\"https:\/\/molinacarnerosarquitectos.com\/wp-content\/uploads\/2023\/02\/FOTO_4-progressive-scaled.jpeg\"},{\"@type\":\"BreadcrumbList\",\"@id\":\"https:\/\/molinacarnerosarquitectos.com\/en\/exp-147-sports-pavilion-vicar-almeria\/#breadcrumb\",\"itemListElement\":[{\"@type\":\"ListItem\",\"position\":1,\"name\":\"Portada\",\"item\":\"https:\/\/molinacarnerosarquitectos.com\/en\/\"},{\"@type\":\"ListItem\",\"position\":2,\"name\":\"EXP. 147: Sports pavilion. Vicar. Almeria\"}]},{\"@type\":\"WebSite\",\"@id\":\"https:\/\/molinacarnerosarquitectos.com\/en\/#website\",\"url\":\"https:\/\/molinacarnerosarquitectos.com\/en\/\",\"name\":\"Molina Carneros Arquitectos\",\"description\":\"\",\"publisher\":{\"@id\":\"https:\/\/molinacarnerosarquitectos.com\/en\/#organization\"},\"potentialAction\":[{\"@type\":\"SearchAction\",\"target\":{\"@type\":\"EntryPoint\",\"urlTemplate\":\"https:\/\/molinacarnerosarquitectos.com\/en\/?s={search_term_string}\"},\"query-input\":{\"@type\":\"PropertyValueSpecification\",\"valueRequired\":true,\"valueName\":\"search_term_string\"}}],\"inLanguage\":\"en-US\"},{\"@type\":\"Organization\",\"@id\":\"https:\/\/molinacarnerosarquitectos.com\/en\/#organization\",\"name\":\"Molina Carneros Arquitectos\",\"url\":\"https:\/\/molinacarnerosarquitectos.com\/en\/\",\"logo\":{\"@type\":\"ImageObject\",\"inLanguage\":\"en-US\",\"@id\":\"https:\/\/molinacarnerosarquitectos.com\/en\/#\/schema\/logo\/image\/\",\"url\":\"https:\/\/molinacarnerosarquitectos.com\/wp-content\/uploads\/2023\/01\/WhatsApp-Image-2023-01-11-at-13.32.21.jpeg\",\"contentUrl\":\"https:\/\/molinacarnerosarquitectos.com\/wp-content\/uploads\/2023\/01\/WhatsApp-Image-2023-01-11-at-13.32.21.jpeg\",\"width\":846,\"height\":217,\"caption\":\"Molina Carneros Arquitectos\"},\"image\":{\"@id\":\"https:\/\/molinacarnerosarquitectos.com\/en\/#\/schema\/logo\/image\/\"},\"sameAs\":[\"https:\/\/www.instagram.com\/_molina_carneros_\/\"]}]}<\/script>\n<!-- \/ Yoast SEO plugin. -->","yoast_head_json":{"title":"Sports pavilion in V\u00edcar, Almer\u00eda - Molina Carneros Arquitectos","robots":{"index":"index","follow":"follow","max-snippet":"max-snippet:-1","max-image-preview":"max-image-preview:large","max-video-preview":"max-video-preview:-1"},"canonical":"https:\/\/molinacarnerosarquitectos.com\/en\/exp-147-sports-pavilion-vicar-almeria\/","og_locale":"en_US","og_type":"article","og_title":"Sports pavilion in V\u00edcar, Almer\u00eda - Molina Carneros Arquitectos","og_description":"Sports pavilion. V\u00edcar, Almer\u00eda. The project includes the construction of a new 450 square meter building, which will house a large gymnasium, as well as changing rooms and an office room. In addition, the project includes works of adaptation of the entire outdoor area, with the construction of multi-sports courts, which allow students to carry [&hellip;]","og_url":"https:\/\/molinacarnerosarquitectos.com\/en\/exp-147-sports-pavilion-vicar-almeria\/","og_site_name":"Molina Arquitectos","article_modified_time":"2024-04-10T07:18:47+00:00","og_image":[{"url":"https:\/\/molinacarnerosarquitectos.com\/wp-content\/uploads\/2023\/02\/FOTO_4-progressive-scaled.jpeg","type":"","width":"","height":""}],"twitter_card":"summary_large_image","twitter_misc":{"Est. reading time":"2 minutes"},"schema":{"@context":"https:\/\/schema.org","@graph":[{"@type":"WebPage","@id":"https:\/\/molinacarnerosarquitectos.com\/en\/exp-147-sports-pavilion-vicar-almeria\/","url":"https:\/\/molinacarnerosarquitectos.com\/en\/exp-147-sports-pavilion-vicar-almeria\/","name":"Sports pavilion in V\u00edcar, Almer\u00eda - Molina Carneros Arquitectos","isPartOf":{"@id":"https:\/\/molinacarnerosarquitectos.com\/en\/#website"},"primaryImageOfPage":{"@id":"https:\/\/molinacarnerosarquitectos.com\/en\/exp-147-sports-pavilion-vicar-almeria\/#primaryimage"},"image":{"@id":"https:\/\/molinacarnerosarquitectos.com\/en\/exp-147-sports-pavilion-vicar-almeria\/#primaryimage"},"thumbnailUrl":"https:\/\/molinacarnerosarquitectos.com\/wp-content\/uploads\/2023\/02\/FOTO_4-progressive-scaled.jpeg","datePublished":"2023-01-17T08:17:51+00:00","dateModified":"2024-04-10T07:18:47+00:00","breadcrumb":{"@id":"https:\/\/molinacarnerosarquitectos.com\/en\/exp-147-sports-pavilion-vicar-almeria\/#breadcrumb"},"inLanguage":"en-US","potentialAction":[{"@type":"ReadAction","target":["https:\/\/molinacarnerosarquitectos.com\/en\/exp-147-sports-pavilion-vicar-almeria\/"]}]},{"@type":"ImageObject","inLanguage":"en-US","@id":"https:\/\/molinacarnerosarquitectos.com\/en\/exp-147-sports-pavilion-vicar-almeria\/#primaryimage","url":"https:\/\/molinacarnerosarquitectos.com\/wp-content\/uploads\/2023\/02\/FOTO_4-progressive-scaled.jpeg","contentUrl":"https:\/\/molinacarnerosarquitectos.com\/wp-content\/uploads\/2023\/02\/FOTO_4-progressive-scaled.jpeg"},{"@type":"BreadcrumbList","@id":"https:\/\/molinacarnerosarquitectos.com\/en\/exp-147-sports-pavilion-vicar-almeria\/#breadcrumb","itemListElement":[{"@type":"ListItem","position":1,"name":"Portada","item":"https:\/\/molinacarnerosarquitectos.com\/en\/"},{"@type":"ListItem","position":2,"name":"EXP. 147: Sports pavilion. Vicar. Almeria"}]},{"@type":"WebSite","@id":"https:\/\/molinacarnerosarquitectos.com\/en\/#website","url":"https:\/\/molinacarnerosarquitectos.com\/en\/","name":"Molina Carneros Arquitectos","description":"","publisher":{"@id":"https:\/\/molinacarnerosarquitectos.com\/en\/#organization"},"potentialAction":[{"@type":"SearchAction","target":{"@type":"EntryPoint","urlTemplate":"https:\/\/molinacarnerosarquitectos.com\/en\/?s={search_term_string}"},"query-input":{"@type":"PropertyValueSpecification","valueRequired":true,"valueName":"search_term_string"}}],"inLanguage":"en-US"},{"@type":"Organization","@id":"https:\/\/molinacarnerosarquitectos.com\/en\/#organization","name":"Molina Carneros Arquitectos","url":"https:\/\/molinacarnerosarquitectos.com\/en\/","logo":{"@type":"ImageObject","inLanguage":"en-US","@id":"https:\/\/molinacarnerosarquitectos.com\/en\/#\/schema\/logo\/image\/","url":"https:\/\/molinacarnerosarquitectos.com\/wp-content\/uploads\/2023\/01\/WhatsApp-Image-2023-01-11-at-13.32.21.jpeg","contentUrl":"https:\/\/molinacarnerosarquitectos.com\/wp-content\/uploads\/2023\/01\/WhatsApp-Image-2023-01-11-at-13.32.21.jpeg","width":846,"height":217,"caption":"Molina Carneros Arquitectos"},"image":{"@id":"https:\/\/molinacarnerosarquitectos.com\/en\/#\/schema\/logo\/image\/"},"sameAs":["https:\/\/www.instagram.com\/_molina_carneros_\/"]}]}},"_links":{"self":[{"href":"https:\/\/molinacarnerosarquitectos.com\/en\/wp-json\/wp\/v2\/pages\/4216","targetHints":{"allow":["GET"]}}],"collection":[{"href":"https:\/\/molinacarnerosarquitectos.com\/en\/wp-json\/wp\/v2\/pages"}],"about":[{"href":"https:\/\/molinacarnerosarquitectos.com\/en\/wp-json\/wp\/v2\/types\/page"}],"author":[{"embeddable":true,"href":"https:\/\/molinacarnerosarquitectos.com\/en\/wp-json\/wp\/v2\/users\/2"}],"replies":[{"embeddable":true,"href":"https:\/\/molinacarnerosarquitectos.com\/en\/wp-json\/wp\/v2\/comments?post=4216"}],"version-history":[{"count":5,"href":"https:\/\/molinacarnerosarquitectos.com\/en\/wp-json\/wp\/v2\/pages\/4216\/revisions"}],"predecessor-version":[{"id":4822,"href":"https:\/\/molinacarnerosarquitectos.com\/en\/wp-json\/wp\/v2\/pages\/4216\/revisions\/4822"}],"wp:attachment":[{"href":"https:\/\/molinacarnerosarquitectos.com\/en\/wp-json\/wp\/v2\/media?parent=4216"}],"curies":[{"name":"wp","href":"https:\/\/api.w.org\/{rel}","templated":true}]}}