{"id":4289,"date":"2023-05-10T10:06:09","date_gmt":"2023-05-10T10:06:09","guid":{"rendered":"https:\/\/molinacarnerosarquitectos.com\/elementor-3547\/"},"modified":"2024-04-10T07:21:04","modified_gmt":"2024-04-10T07:21:04","slug":"elementor-3547","status":"publish","type":"page","link":"https:\/\/molinacarnerosarquitectos.com\/en\/elementor-3547\/","title":{"rendered":"Elementor #3547"},"content":{"rendered":"\t\t<div data-elementor-type=\"wp-page\" data-elementor-id=\"4289\" class=\"elementor elementor-4289 elementor-3547\" data-elementor-post-type=\"page\">\n\t\t\t\t\t\t<section class=\"elementor-section elementor-top-section elementor-element elementor-element-3f909088 elementor-section-boxed elementor-section-height-default elementor-section-height-default\" data-id=\"3f909088\" data-element_type=\"section\" data-e-type=\"section\">\n\t\t\t\t\t\t<div class=\"elementor-container elementor-column-gap-narrow\">\n\t\t\t\t\t<div class=\"elementor-column elementor-col-100 elementor-top-column elementor-element elementor-element-470cdb75\" data-id=\"470cdb75\" data-element_type=\"column\" data-e-type=\"column\">\n\t\t\t<div class=\"elementor-widget-wrap elementor-element-populated\">\n\t\t\t\t\t\t<div class=\"elementor-element elementor-element-60626994 elementor-widget elementor-widget-heading\" data-id=\"60626994\" data-element_type=\"widget\" data-e-type=\"widget\" data-widget_type=\"heading.default\">\n\t\t\t\t<div class=\"elementor-widget-container\">\n\t\t\t\t\t<h1 class=\"elementor-heading-title elementor-size-default\">NEW HEALTH CENTER. RINC\u00d3N DE LA VICTORIA. M\u00c1LAGA.<\/h1>\t\t\t\t<\/div>\n\t\t\t\t<\/div>\n\t\t\t\t<div class=\"elementor-element elementor-element-39a284e0 elementor-widget elementor-widget-text-editor\" data-id=\"39a284e0\" data-element_type=\"widget\" data-e-type=\"widget\" data-widget_type=\"text-editor.default\">\n\t\t\t\t<div class=\"elementor-widget-container\">\n\t\t\t\t\t\t\t\t\t<p>The new Rinc\u00f3n de la Victoria Health Center seeks to respond in an orderly and emphatic manner to the required program through a sober, structured architecture focused on high efficiency. Its construction is based on a system of standardization and modulation that, with great economy of means, offers a flexible solution to solve the functional program in accordance with the aesthetics of the buildings on the site.<\/p>\n\t\t\t\t\t\t\t\t<\/div>\n\t\t\t\t<\/div>\n\t\t\t\t\t<\/div>\n\t\t<\/div>\n\t\t\t\t\t<\/div>\n\t\t<\/section>\n\t\t\t\t<section class=\"elementor-section elementor-top-section elementor-element elementor-element-218818a2 elementor-section-boxed elementor-section-height-default elementor-section-height-default\" data-id=\"218818a2\" data-element_type=\"section\" data-e-type=\"section\">\n\t\t\t\t\t\t<div class=\"elementor-container elementor-column-gap-default\">\n\t\t\t\t\t<div class=\"elementor-column elementor-col-100 elementor-top-column elementor-element elementor-element-3164c9d5\" data-id=\"3164c9d5\" data-element_type=\"column\" data-e-type=\"column\">\n\t\t\t<div class=\"elementor-widget-wrap elementor-element-populated\">\n\t\t\t\t\t\t<div class=\"elementor-element elementor-element-59dafff7 elementor-widget elementor-widget-image\" data-id=\"59dafff7\" data-element_type=\"widget\" data-e-type=\"widget\" data-widget_type=\"image.default\">\n\t\t\t\t<div class=\"elementor-widget-container\">\n\t\t\t\t\t\t\t\t\t\t\t\t\t\t\t<img fetchpriority=\"high\" decoding=\"async\" width=\"800\" height=\"490\" src=\"https:\/\/molinacarnerosarquitectos.com\/wp-content\/uploads\/2023\/05\/rincon-02-1024x627.jpg\" class=\"attachment-large size-large wp-image-3549\" alt=\"arquitectura granada\" srcset=\"https:\/\/molinacarnerosarquitectos.com\/wp-content\/uploads\/2023\/05\/rincon-02-1024x627.jpg 1024w, https:\/\/molinacarnerosarquitectos.com\/wp-content\/uploads\/2023\/05\/rincon-02-300x184.jpg 300w, https:\/\/molinacarnerosarquitectos.com\/wp-content\/uploads\/2023\/05\/rincon-02-768x470.jpg 768w, https:\/\/molinacarnerosarquitectos.com\/wp-content\/uploads\/2023\/05\/rincon-02.jpg 1359w\" sizes=\"(max-width: 800px) 100vw, 800px\" \/>\t\t\t\t\t\t\t\t\t\t\t\t\t\t\t<\/div>\n\t\t\t\t<\/div>\n\t\t\t\t\t<\/div>\n\t\t<\/div>\n\t\t\t\t\t<\/div>\n\t\t<\/section>\n\t\t\t\t<section class=\"elementor-section elementor-top-section elementor-element elementor-element-2b163a1d elementor-section-boxed elementor-section-height-default elementor-section-height-default\" data-id=\"2b163a1d\" data-element_type=\"section\" data-e-type=\"section\">\n\t\t\t\t\t\t<div class=\"elementor-container elementor-column-gap-default\">\n\t\t\t\t\t<div class=\"elementor-column elementor-col-100 elementor-top-column elementor-element elementor-element-5abb767a\" data-id=\"5abb767a\" data-element_type=\"column\" data-e-type=\"column\">\n\t\t\t<div class=\"elementor-widget-wrap\">\n\t\t\t\t\t\t\t<\/div>\n\t\t<\/div>\n\t\t\t\t\t<\/div>\n\t\t<\/section>\n\t\t\t\t<section class=\"elementor-section elementor-top-section elementor-element elementor-element-310c3c36 elementor-section-boxed elementor-section-height-default elementor-section-height-default\" data-id=\"310c3c36\" data-element_type=\"section\" data-e-type=\"section\">\n\t\t\t\t\t\t<div class=\"elementor-container elementor-column-gap-default\">\n\t\t\t\t\t<div class=\"elementor-column elementor-col-100 elementor-top-column elementor-element elementor-element-14ec3aae\" data-id=\"14ec3aae\" data-element_type=\"column\" data-e-type=\"column\">\n\t\t\t<div class=\"elementor-widget-wrap\">\n\t\t\t\t\t\t\t<\/div>\n\t\t<\/div>\n\t\t\t\t\t<\/div>\n\t\t<\/section>\n\t\t\t\t<section class=\"elementor-section elementor-top-section elementor-element elementor-element-3ad05ced elementor-section-boxed elementor-section-height-default elementor-section-height-default\" data-id=\"3ad05ced\" data-element_type=\"section\" data-e-type=\"section\">\n\t\t\t\t\t\t<div class=\"elementor-container elementor-column-gap-default\">\n\t\t\t\t\t<div class=\"elementor-column elementor-col-100 elementor-top-column elementor-element elementor-element-68a361de\" data-id=\"68a361de\" data-element_type=\"column\" data-e-type=\"column\">\n\t\t\t<div class=\"elementor-widget-wrap\">\n\t\t\t\t\t\t\t<\/div>\n\t\t<\/div>\n\t\t\t\t\t<\/div>\n\t\t<\/section>\n\t\t\t\t<\/div>\n\t\t","protected":false},"excerpt":{"rendered":"<p>NEW HEALTH CENTER. RINC\u00d3N DE LA VICTORIA. M\u00c1LAGA. The new Rinc\u00f3n de la Victoria Health Center seeks to respond in an orderly and emphatic manner to the required program through a sober, structured architecture focused on high efficiency. Its construction is based on a system of standardization and modulation that, with great economy of means, [&hellip;]<\/p>\n","protected":false},"author":3,"featured_media":0,"parent":0,"menu_order":0,"comment_status":"closed","ping_status":"closed","template":"elementor_header_footer","meta":{"footnotes":""},"class_list":["post-4289","page","type-page","status-publish","hentry"],"yoast_head":"<!-- This site is optimized with the Yoast SEO plugin v26.8 - https:\/\/yoast.com\/product\/yoast-seo-wordpress\/ -->\n<title>Elementor #3547 - Molina Arquitectos<\/title>\n<meta name=\"robots\" content=\"index, follow, max-snippet:-1, max-image-preview:large, max-video-preview:-1\" \/>\n<link rel=\"canonical\" href=\"https:\/\/molinacarnerosarquitectos.com\/en\/elementor-3547\/\" \/>\n<meta property=\"og:locale\" content=\"en_US\" \/>\n<meta property=\"og:type\" content=\"article\" \/>\n<meta property=\"og:title\" content=\"Elementor #3547 - Molina Arquitectos\" \/>\n<meta property=\"og:description\" content=\"NEW HEALTH CENTER. RINC\u00d3N DE LA VICTORIA. M\u00c1LAGA. The new Rinc\u00f3n de la Victoria Health Center seeks to respond in an orderly and emphatic manner to the required program through a sober, structured architecture focused on high efficiency. Its construction is based on a system of standardization and modulation that, with great economy of means, [&hellip;]\" \/>\n<meta property=\"og:url\" content=\"https:\/\/molinacarnerosarquitectos.com\/en\/elementor-3547\/\" \/>\n<meta property=\"og:site_name\" content=\"Molina Arquitectos\" \/>\n<meta property=\"article:modified_time\" content=\"2024-04-10T07:21:04+00:00\" \/>\n<meta property=\"og:image\" content=\"https:\/\/molinacarnerosarquitectos.com\/wp-content\/uploads\/2023\/05\/rincon-02-1024x627.jpg\" \/>\n<meta name=\"twitter:card\" content=\"summary_large_image\" \/>\n<meta name=\"twitter:label1\" content=\"Est. reading time\" \/>\n\t<meta name=\"twitter:data1\" content=\"1 minute\" \/>\n<script type=\"application\/ld+json\" class=\"yoast-schema-graph\">{\"@context\":\"https:\/\/schema.org\",\"@graph\":[{\"@type\":\"WebPage\",\"@id\":\"https:\/\/molinacarnerosarquitectos.com\/en\/elementor-3547\/\",\"url\":\"https:\/\/molinacarnerosarquitectos.com\/en\/elementor-3547\/\",\"name\":\"Elementor #3547 - Molina Arquitectos\",\"isPartOf\":{\"@id\":\"https:\/\/molinacarnerosarquitectos.com\/en\/#website\"},\"primaryImageOfPage\":{\"@id\":\"https:\/\/molinacarnerosarquitectos.com\/en\/elementor-3547\/#primaryimage\"},\"image\":{\"@id\":\"https:\/\/molinacarnerosarquitectos.com\/en\/elementor-3547\/#primaryimage\"},\"thumbnailUrl\":\"https:\/\/molinacarnerosarquitectos.com\/wp-content\/uploads\/2023\/05\/rincon-02-1024x627.jpg\",\"datePublished\":\"2023-05-10T10:06:09+00:00\",\"dateModified\":\"2024-04-10T07:21:04+00:00\",\"breadcrumb\":{\"@id\":\"https:\/\/molinacarnerosarquitectos.com\/en\/elementor-3547\/#breadcrumb\"},\"inLanguage\":\"en-US\",\"potentialAction\":[{\"@type\":\"ReadAction\",\"target\":[\"https:\/\/molinacarnerosarquitectos.com\/en\/elementor-3547\/\"]}]},{\"@type\":\"ImageObject\",\"inLanguage\":\"en-US\",\"@id\":\"https:\/\/molinacarnerosarquitectos.com\/en\/elementor-3547\/#primaryimage\",\"url\":\"https:\/\/molinacarnerosarquitectos.com\/wp-content\/uploads\/2023\/05\/rincon-02-1024x627.jpg\",\"contentUrl\":\"https:\/\/molinacarnerosarquitectos.com\/wp-content\/uploads\/2023\/05\/rincon-02-1024x627.jpg\"},{\"@type\":\"BreadcrumbList\",\"@id\":\"https:\/\/molinacarnerosarquitectos.com\/en\/elementor-3547\/#breadcrumb\",\"itemListElement\":[{\"@type\":\"ListItem\",\"position\":1,\"name\":\"Portada\",\"item\":\"https:\/\/molinacarnerosarquitectos.com\/en\/\"},{\"@type\":\"ListItem\",\"position\":2,\"name\":\"Elementor #3547\"}]},{\"@type\":\"WebSite\",\"@id\":\"https:\/\/molinacarnerosarquitectos.com\/en\/#website\",\"url\":\"https:\/\/molinacarnerosarquitectos.com\/en\/\",\"name\":\"Molina Carneros Arquitectos\",\"description\":\"\",\"publisher\":{\"@id\":\"https:\/\/molinacarnerosarquitectos.com\/en\/#organization\"},\"potentialAction\":[{\"@type\":\"SearchAction\",\"target\":{\"@type\":\"EntryPoint\",\"urlTemplate\":\"https:\/\/molinacarnerosarquitectos.com\/en\/?s={search_term_string}\"},\"query-input\":{\"@type\":\"PropertyValueSpecification\",\"valueRequired\":true,\"valueName\":\"search_term_string\"}}],\"inLanguage\":\"en-US\"},{\"@type\":\"Organization\",\"@id\":\"https:\/\/molinacarnerosarquitectos.com\/en\/#organization\",\"name\":\"Molina Carneros Arquitectos\",\"url\":\"https:\/\/molinacarnerosarquitectos.com\/en\/\",\"logo\":{\"@type\":\"ImageObject\",\"inLanguage\":\"en-US\",\"@id\":\"https:\/\/molinacarnerosarquitectos.com\/en\/#\/schema\/logo\/image\/\",\"url\":\"https:\/\/molinacarnerosarquitectos.com\/wp-content\/uploads\/2023\/01\/WhatsApp-Image-2023-01-11-at-13.32.21.jpeg\",\"contentUrl\":\"https:\/\/molinacarnerosarquitectos.com\/wp-content\/uploads\/2023\/01\/WhatsApp-Image-2023-01-11-at-13.32.21.jpeg\",\"width\":846,\"height\":217,\"caption\":\"Molina Carneros Arquitectos\"},\"image\":{\"@id\":\"https:\/\/molinacarnerosarquitectos.com\/en\/#\/schema\/logo\/image\/\"},\"sameAs\":[\"https:\/\/www.instagram.com\/_molina_carneros_\/\"]}]}<\/script>\n<!-- \/ Yoast SEO plugin. -->","yoast_head_json":{"title":"Elementor #3547 - Molina Arquitectos","robots":{"index":"index","follow":"follow","max-snippet":"max-snippet:-1","max-image-preview":"max-image-preview:large","max-video-preview":"max-video-preview:-1"},"canonical":"https:\/\/molinacarnerosarquitectos.com\/en\/elementor-3547\/","og_locale":"en_US","og_type":"article","og_title":"Elementor #3547 - Molina Arquitectos","og_description":"NEW HEALTH CENTER. RINC\u00d3N DE LA VICTORIA. M\u00c1LAGA. The new Rinc\u00f3n de la Victoria Health Center seeks to respond in an orderly and emphatic manner to the required program through a sober, structured architecture focused on high efficiency. Its construction is based on a system of standardization and modulation that, with great economy of means, [&hellip;]","og_url":"https:\/\/molinacarnerosarquitectos.com\/en\/elementor-3547\/","og_site_name":"Molina Arquitectos","article_modified_time":"2024-04-10T07:21:04+00:00","og_image":[{"url":"https:\/\/molinacarnerosarquitectos.com\/wp-content\/uploads\/2023\/05\/rincon-02-1024x627.jpg","type":"","width":"","height":""}],"twitter_card":"summary_large_image","twitter_misc":{"Est. reading time":"1 minute"},"schema":{"@context":"https:\/\/schema.org","@graph":[{"@type":"WebPage","@id":"https:\/\/molinacarnerosarquitectos.com\/en\/elementor-3547\/","url":"https:\/\/molinacarnerosarquitectos.com\/en\/elementor-3547\/","name":"Elementor #3547 - Molina Arquitectos","isPartOf":{"@id":"https:\/\/molinacarnerosarquitectos.com\/en\/#website"},"primaryImageOfPage":{"@id":"https:\/\/molinacarnerosarquitectos.com\/en\/elementor-3547\/#primaryimage"},"image":{"@id":"https:\/\/molinacarnerosarquitectos.com\/en\/elementor-3547\/#primaryimage"},"thumbnailUrl":"https:\/\/molinacarnerosarquitectos.com\/wp-content\/uploads\/2023\/05\/rincon-02-1024x627.jpg","datePublished":"2023-05-10T10:06:09+00:00","dateModified":"2024-04-10T07:21:04+00:00","breadcrumb":{"@id":"https:\/\/molinacarnerosarquitectos.com\/en\/elementor-3547\/#breadcrumb"},"inLanguage":"en-US","potentialAction":[{"@type":"ReadAction","target":["https:\/\/molinacarnerosarquitectos.com\/en\/elementor-3547\/"]}]},{"@type":"ImageObject","inLanguage":"en-US","@id":"https:\/\/molinacarnerosarquitectos.com\/en\/elementor-3547\/#primaryimage","url":"https:\/\/molinacarnerosarquitectos.com\/wp-content\/uploads\/2023\/05\/rincon-02-1024x627.jpg","contentUrl":"https:\/\/molinacarnerosarquitectos.com\/wp-content\/uploads\/2023\/05\/rincon-02-1024x627.jpg"},{"@type":"BreadcrumbList","@id":"https:\/\/molinacarnerosarquitectos.com\/en\/elementor-3547\/#breadcrumb","itemListElement":[{"@type":"ListItem","position":1,"name":"Portada","item":"https:\/\/molinacarnerosarquitectos.com\/en\/"},{"@type":"ListItem","position":2,"name":"Elementor #3547"}]},{"@type":"WebSite","@id":"https:\/\/molinacarnerosarquitectos.com\/en\/#website","url":"https:\/\/molinacarnerosarquitectos.com\/en\/","name":"Molina Carneros Arquitectos","description":"","publisher":{"@id":"https:\/\/molinacarnerosarquitectos.com\/en\/#organization"},"potentialAction":[{"@type":"SearchAction","target":{"@type":"EntryPoint","urlTemplate":"https:\/\/molinacarnerosarquitectos.com\/en\/?s={search_term_string}"},"query-input":{"@type":"PropertyValueSpecification","valueRequired":true,"valueName":"search_term_string"}}],"inLanguage":"en-US"},{"@type":"Organization","@id":"https:\/\/molinacarnerosarquitectos.com\/en\/#organization","name":"Molina Carneros Arquitectos","url":"https:\/\/molinacarnerosarquitectos.com\/en\/","logo":{"@type":"ImageObject","inLanguage":"en-US","@id":"https:\/\/molinacarnerosarquitectos.com\/en\/#\/schema\/logo\/image\/","url":"https:\/\/molinacarnerosarquitectos.com\/wp-content\/uploads\/2023\/01\/WhatsApp-Image-2023-01-11-at-13.32.21.jpeg","contentUrl":"https:\/\/molinacarnerosarquitectos.com\/wp-content\/uploads\/2023\/01\/WhatsApp-Image-2023-01-11-at-13.32.21.jpeg","width":846,"height":217,"caption":"Molina Carneros Arquitectos"},"image":{"@id":"https:\/\/molinacarnerosarquitectos.com\/en\/#\/schema\/logo\/image\/"},"sameAs":["https:\/\/www.instagram.com\/_molina_carneros_\/"]}]}},"_links":{"self":[{"href":"https:\/\/molinacarnerosarquitectos.com\/en\/wp-json\/wp\/v2\/pages\/4289","targetHints":{"allow":["GET"]}}],"collection":[{"href":"https:\/\/molinacarnerosarquitectos.com\/en\/wp-json\/wp\/v2\/pages"}],"about":[{"href":"https:\/\/molinacarnerosarquitectos.com\/en\/wp-json\/wp\/v2\/types\/page"}],"author":[{"embeddable":true,"href":"https:\/\/molinacarnerosarquitectos.com\/en\/wp-json\/wp\/v2\/users\/3"}],"replies":[{"embeddable":true,"href":"https:\/\/molinacarnerosarquitectos.com\/en\/wp-json\/wp\/v2\/comments?post=4289"}],"version-history":[{"count":5,"href":"https:\/\/molinacarnerosarquitectos.com\/en\/wp-json\/wp\/v2\/pages\/4289\/revisions"}],"predecessor-version":[{"id":4843,"href":"https:\/\/molinacarnerosarquitectos.com\/en\/wp-json\/wp\/v2\/pages\/4289\/revisions\/4843"}],"wp:attachment":[{"href":"https:\/\/molinacarnerosarquitectos.com\/en\/wp-json\/wp\/v2\/media?parent=4289"}],"curies":[{"name":"wp","href":"https:\/\/api.w.org\/{rel}","templated":true}]}}