{"id":5089,"date":"2026-04-09T11:40:22","date_gmt":"2026-04-09T11:40:22","guid":{"rendered":"https:\/\/molinacarnerosarquitectos.com\/new-health-center-gamarra-malaga\/"},"modified":"2026-04-09T11:45:00","modified_gmt":"2026-04-09T11:45:00","slug":"new-health-center-gamarra-malaga","status":"publish","type":"page","link":"https:\/\/molinacarnerosarquitectos.com\/en\/new-health-center-gamarra-malaga\/","title":{"rendered":"New Health Center, Gamarra, M\u00e1laga"},"content":{"rendered":"\t\t<div data-elementor-type=\"wp-page\" data-elementor-id=\"5089\" class=\"elementor elementor-5089 elementor-5077\" data-elementor-post-type=\"page\">\n\t\t\t\t\t\t<section class=\"elementor-section elementor-top-section elementor-element elementor-element-23835b1 elementor-section-boxed elementor-section-height-default elementor-section-height-default\" data-id=\"23835b1\" data-element_type=\"section\" data-e-type=\"section\">\n\t\t\t\t\t\t<div class=\"elementor-container elementor-column-gap-narrow\">\n\t\t\t\t\t<div class=\"elementor-column elementor-col-100 elementor-top-column elementor-element elementor-element-9435aa5\" data-id=\"9435aa5\" data-element_type=\"column\" data-e-type=\"column\">\n\t\t\t<div class=\"elementor-widget-wrap elementor-element-populated\">\n\t\t\t\t\t\t<div class=\"elementor-element elementor-element-a472906 elementor-widget elementor-widget-heading\" data-id=\"a472906\" data-element_type=\"widget\" data-e-type=\"widget\" alt=\"CENTRO EDUCATIVO SER\u00d3N. ALMER\u00cdA.\" data-widget_type=\"heading.default\">\n\t\t\t\t<div class=\"elementor-widget-container\">\n\t\t\t\t\t<h1 class=\"elementor-heading-title elementor-size-default\">HEALTH CENTER, GAMARRA, M\u00c1LAGA<\/h1>\t\t\t\t<\/div>\n\t\t\t\t<\/div>\n\t\t\t\t<div class=\"elementor-element elementor-element-ea8e69d elementor-widget elementor-widget-text-editor\" data-id=\"ea8e69d\" data-element_type=\"widget\" data-e-type=\"widget\" data-widget_type=\"text-editor.default\">\n\t\t\t\t<div class=\"elementor-widget-container\">\n\t\t\t\t\t\t\t\t\t<p>The building is a health center in a historic neighborhood in the center of M\u00e1laga. It is a two-story detached building, constructed on top of an existing parking facility that determines its structure and height. It features a simple and orderly volumetry, in an \u201cL\u201d shape, aligned with the adjacent building to ensure urban coherence, with separate access points that clearly organize pedestrian, healthcare, and service flows.<\/p>\n<p>The functional layout separates, on the ground floor, the healthcare and public service areas, and on the upper floor, the staff and support spaces. The design incorporates interior courtyards to improve natural lighting and ventilation, and is constructed using a lightweight metal structure, a high-performance envelope, and high-efficiency systems.<\/p>\n\t\t\t\t\t\t\t\t<\/div>\n\t\t\t\t<\/div>\n\t\t\t\t\t<\/div>\n\t\t<\/div>\n\t\t\t\t\t<\/div>\n\t\t<\/section>\n\t\t\t\t<section class=\"elementor-section elementor-top-section elementor-element elementor-element-0194dcd elementor-section-boxed elementor-section-height-default elementor-section-height-default\" data-id=\"0194dcd\" data-element_type=\"section\" data-e-type=\"section\">\n\t\t\t\t\t\t<div class=\"elementor-container elementor-column-gap-default\">\n\t\t\t\t\t<div class=\"elementor-column elementor-col-100 elementor-top-column elementor-element elementor-element-8d94fda\" data-id=\"8d94fda\" data-element_type=\"column\" data-e-type=\"column\">\n\t\t\t<div class=\"elementor-widget-wrap elementor-element-populated\">\n\t\t\t\t\t\t<div class=\"elementor-element elementor-element-255f249 elementor-widget elementor-widget-image\" data-id=\"255f249\" data-element_type=\"widget\" data-e-type=\"widget\" data-widget_type=\"image.default\">\n\t\t\t\t<div class=\"elementor-widget-container\">\n\t\t\t\t\t\t\t\t\t\t\t\t\t\t\t<img fetchpriority=\"high\" decoding=\"async\" width=\"1600\" height=\"905\" src=\"https:\/\/molinacarnerosarquitectos.com\/wp-content\/uploads\/2026\/04\/nuevo-centro-de-salud-gamarra-malaga.jpg\" class=\"attachment-full size-full wp-image-5075\" alt=\"\" srcset=\"https:\/\/molinacarnerosarquitectos.com\/wp-content\/uploads\/2026\/04\/nuevo-centro-de-salud-gamarra-malaga.jpg 1600w, https:\/\/molinacarnerosarquitectos.com\/wp-content\/uploads\/2026\/04\/nuevo-centro-de-salud-gamarra-malaga-300x170.jpg 300w, https:\/\/molinacarnerosarquitectos.com\/wp-content\/uploads\/2026\/04\/nuevo-centro-de-salud-gamarra-malaga-1024x579.jpg 1024w, https:\/\/molinacarnerosarquitectos.com\/wp-content\/uploads\/2026\/04\/nuevo-centro-de-salud-gamarra-malaga-768x434.jpg 768w, https:\/\/molinacarnerosarquitectos.com\/wp-content\/uploads\/2026\/04\/nuevo-centro-de-salud-gamarra-malaga-1536x869.jpg 1536w\" sizes=\"(max-width: 1600px) 100vw, 1600px\" \/>\t\t\t\t\t\t\t\t\t\t\t\t\t\t\t<\/div>\n\t\t\t\t<\/div>\n\t\t\t\t\t<\/div>\n\t\t<\/div>\n\t\t\t\t\t<\/div>\n\t\t<\/section>\n\t\t\t\t<\/div>\n\t\t","protected":false},"excerpt":{"rendered":"<p>HEALTH CENTER, GAMARRA, M\u00c1LAGA The building is a health center in a historic neighborhood in the center of M\u00e1laga. It is a two-story detached building, constructed on top of an existing parking facility that determines its structure and height. It features a simple and orderly volumetry, in an \u201cL\u201d shape, aligned with the adjacent building [&hellip;]<\/p>\n","protected":false},"author":2,"featured_media":0,"parent":0,"menu_order":0,"comment_status":"closed","ping_status":"closed","template":"","meta":{"footnotes":""},"class_list":["post-5089","page","type-page","status-publish","hentry"],"yoast_head":"<!-- This site is optimized with the Yoast SEO plugin v26.8 - https:\/\/yoast.com\/product\/yoast-seo-wordpress\/ -->\n<title>New Health Center, Gamarra, M\u00e1laga - Molina Arquitectos<\/title>\n<meta name=\"robots\" content=\"index, follow, max-snippet:-1, max-image-preview:large, max-video-preview:-1\" \/>\n<link rel=\"canonical\" href=\"https:\/\/molinacarnerosarquitectos.com\/en\/new-health-center-gamarra-malaga\/\" \/>\n<meta property=\"og:locale\" content=\"en_US\" \/>\n<meta property=\"og:type\" content=\"article\" \/>\n<meta property=\"og:title\" content=\"New Health Center, Gamarra, M\u00e1laga - Molina Arquitectos\" \/>\n<meta property=\"og:description\" content=\"HEALTH CENTER, GAMARRA, M\u00c1LAGA The building is a health center in a historic neighborhood in the center of M\u00e1laga. It is a two-story detached building, constructed on top of an existing parking facility that determines its structure and height. It features a simple and orderly volumetry, in an \u201cL\u201d shape, aligned with the adjacent building [&hellip;]\" \/>\n<meta property=\"og:url\" content=\"https:\/\/molinacarnerosarquitectos.com\/en\/new-health-center-gamarra-malaga\/\" \/>\n<meta property=\"og:site_name\" content=\"Molina Arquitectos\" \/>\n<meta property=\"article:modified_time\" content=\"2026-04-09T11:45:00+00:00\" \/>\n<meta property=\"og:image\" content=\"https:\/\/molinacarnerosarquitectos.com\/wp-content\/uploads\/2026\/04\/nuevo-centro-de-salud-gamarra-malaga.jpg\" \/>\n\t<meta property=\"og:image:width\" content=\"1600\" \/>\n\t<meta property=\"og:image:height\" content=\"905\" \/>\n\t<meta property=\"og:image:type\" content=\"image\/jpeg\" \/>\n<meta name=\"twitter:card\" content=\"summary_large_image\" \/>\n<meta name=\"twitter:label1\" content=\"Est. reading time\" \/>\n\t<meta name=\"twitter:data1\" content=\"1 minute\" \/>\n<script type=\"application\/ld+json\" class=\"yoast-schema-graph\">{\"@context\":\"https:\/\/schema.org\",\"@graph\":[{\"@type\":\"WebPage\",\"@id\":\"https:\/\/molinacarnerosarquitectos.com\/en\/new-health-center-gamarra-malaga\/\",\"url\":\"https:\/\/molinacarnerosarquitectos.com\/en\/new-health-center-gamarra-malaga\/\",\"name\":\"New Health Center, Gamarra, M\u00e1laga - Molina Arquitectos\",\"isPartOf\":{\"@id\":\"https:\/\/molinacarnerosarquitectos.com\/en\/#website\"},\"primaryImageOfPage\":{\"@id\":\"https:\/\/molinacarnerosarquitectos.com\/en\/new-health-center-gamarra-malaga\/#primaryimage\"},\"image\":{\"@id\":\"https:\/\/molinacarnerosarquitectos.com\/en\/new-health-center-gamarra-malaga\/#primaryimage\"},\"thumbnailUrl\":\"https:\/\/molinacarnerosarquitectos.com\/wp-content\/uploads\/2026\/04\/nuevo-centro-de-salud-gamarra-malaga.jpg\",\"datePublished\":\"2026-04-09T11:40:22+00:00\",\"dateModified\":\"2026-04-09T11:45:00+00:00\",\"breadcrumb\":{\"@id\":\"https:\/\/molinacarnerosarquitectos.com\/en\/new-health-center-gamarra-malaga\/#breadcrumb\"},\"inLanguage\":\"en-US\",\"potentialAction\":[{\"@type\":\"ReadAction\",\"target\":[\"https:\/\/molinacarnerosarquitectos.com\/en\/new-health-center-gamarra-malaga\/\"]}]},{\"@type\":\"ImageObject\",\"inLanguage\":\"en-US\",\"@id\":\"https:\/\/molinacarnerosarquitectos.com\/en\/new-health-center-gamarra-malaga\/#primaryimage\",\"url\":\"https:\/\/molinacarnerosarquitectos.com\/wp-content\/uploads\/2026\/04\/nuevo-centro-de-salud-gamarra-malaga.jpg\",\"contentUrl\":\"https:\/\/molinacarnerosarquitectos.com\/wp-content\/uploads\/2026\/04\/nuevo-centro-de-salud-gamarra-malaga.jpg\"},{\"@type\":\"BreadcrumbList\",\"@id\":\"https:\/\/molinacarnerosarquitectos.com\/en\/new-health-center-gamarra-malaga\/#breadcrumb\",\"itemListElement\":[{\"@type\":\"ListItem\",\"position\":1,\"name\":\"Portada\",\"item\":\"https:\/\/molinacarnerosarquitectos.com\/en\/\"},{\"@type\":\"ListItem\",\"position\":2,\"name\":\"New Health Center, Gamarra, M\u00e1laga\"}]},{\"@type\":\"WebSite\",\"@id\":\"https:\/\/molinacarnerosarquitectos.com\/en\/#website\",\"url\":\"https:\/\/molinacarnerosarquitectos.com\/en\/\",\"name\":\"Molina Carneros Arquitectos\",\"description\":\"\",\"publisher\":{\"@id\":\"https:\/\/molinacarnerosarquitectos.com\/en\/#organization\"},\"potentialAction\":[{\"@type\":\"SearchAction\",\"target\":{\"@type\":\"EntryPoint\",\"urlTemplate\":\"https:\/\/molinacarnerosarquitectos.com\/en\/?s={search_term_string}\"},\"query-input\":{\"@type\":\"PropertyValueSpecification\",\"valueRequired\":true,\"valueName\":\"search_term_string\"}}],\"inLanguage\":\"en-US\"},{\"@type\":\"Organization\",\"@id\":\"https:\/\/molinacarnerosarquitectos.com\/en\/#organization\",\"name\":\"Molina Carneros Arquitectos\",\"url\":\"https:\/\/molinacarnerosarquitectos.com\/en\/\",\"logo\":{\"@type\":\"ImageObject\",\"inLanguage\":\"en-US\",\"@id\":\"https:\/\/molinacarnerosarquitectos.com\/en\/#\/schema\/logo\/image\/\",\"url\":\"https:\/\/molinacarnerosarquitectos.com\/wp-content\/uploads\/2023\/01\/WhatsApp-Image-2023-01-11-at-13.32.21.jpeg\",\"contentUrl\":\"https:\/\/molinacarnerosarquitectos.com\/wp-content\/uploads\/2023\/01\/WhatsApp-Image-2023-01-11-at-13.32.21.jpeg\",\"width\":846,\"height\":217,\"caption\":\"Molina Carneros Arquitectos\"},\"image\":{\"@id\":\"https:\/\/molinacarnerosarquitectos.com\/en\/#\/schema\/logo\/image\/\"},\"sameAs\":[\"https:\/\/www.instagram.com\/_molina_carneros_\/\"]}]}<\/script>\n<!-- \/ Yoast SEO plugin. -->","yoast_head_json":{"title":"New Health Center, Gamarra, M\u00e1laga - Molina Arquitectos","robots":{"index":"index","follow":"follow","max-snippet":"max-snippet:-1","max-image-preview":"max-image-preview:large","max-video-preview":"max-video-preview:-1"},"canonical":"https:\/\/molinacarnerosarquitectos.com\/en\/new-health-center-gamarra-malaga\/","og_locale":"en_US","og_type":"article","og_title":"New Health Center, Gamarra, M\u00e1laga - Molina Arquitectos","og_description":"HEALTH CENTER, GAMARRA, M\u00c1LAGA The building is a health center in a historic neighborhood in the center of M\u00e1laga. It is a two-story detached building, constructed on top of an existing parking facility that determines its structure and height. It features a simple and orderly volumetry, in an \u201cL\u201d shape, aligned with the adjacent building [&hellip;]","og_url":"https:\/\/molinacarnerosarquitectos.com\/en\/new-health-center-gamarra-malaga\/","og_site_name":"Molina Arquitectos","article_modified_time":"2026-04-09T11:45:00+00:00","og_image":[{"width":1600,"height":905,"url":"https:\/\/molinacarnerosarquitectos.com\/wp-content\/uploads\/2026\/04\/nuevo-centro-de-salud-gamarra-malaga.jpg","type":"image\/jpeg"}],"twitter_card":"summary_large_image","twitter_misc":{"Est. reading time":"1 minute"},"schema":{"@context":"https:\/\/schema.org","@graph":[{"@type":"WebPage","@id":"https:\/\/molinacarnerosarquitectos.com\/en\/new-health-center-gamarra-malaga\/","url":"https:\/\/molinacarnerosarquitectos.com\/en\/new-health-center-gamarra-malaga\/","name":"New Health Center, Gamarra, M\u00e1laga - Molina Arquitectos","isPartOf":{"@id":"https:\/\/molinacarnerosarquitectos.com\/en\/#website"},"primaryImageOfPage":{"@id":"https:\/\/molinacarnerosarquitectos.com\/en\/new-health-center-gamarra-malaga\/#primaryimage"},"image":{"@id":"https:\/\/molinacarnerosarquitectos.com\/en\/new-health-center-gamarra-malaga\/#primaryimage"},"thumbnailUrl":"https:\/\/molinacarnerosarquitectos.com\/wp-content\/uploads\/2026\/04\/nuevo-centro-de-salud-gamarra-malaga.jpg","datePublished":"2026-04-09T11:40:22+00:00","dateModified":"2026-04-09T11:45:00+00:00","breadcrumb":{"@id":"https:\/\/molinacarnerosarquitectos.com\/en\/new-health-center-gamarra-malaga\/#breadcrumb"},"inLanguage":"en-US","potentialAction":[{"@type":"ReadAction","target":["https:\/\/molinacarnerosarquitectos.com\/en\/new-health-center-gamarra-malaga\/"]}]},{"@type":"ImageObject","inLanguage":"en-US","@id":"https:\/\/molinacarnerosarquitectos.com\/en\/new-health-center-gamarra-malaga\/#primaryimage","url":"https:\/\/molinacarnerosarquitectos.com\/wp-content\/uploads\/2026\/04\/nuevo-centro-de-salud-gamarra-malaga.jpg","contentUrl":"https:\/\/molinacarnerosarquitectos.com\/wp-content\/uploads\/2026\/04\/nuevo-centro-de-salud-gamarra-malaga.jpg"},{"@type":"BreadcrumbList","@id":"https:\/\/molinacarnerosarquitectos.com\/en\/new-health-center-gamarra-malaga\/#breadcrumb","itemListElement":[{"@type":"ListItem","position":1,"name":"Portada","item":"https:\/\/molinacarnerosarquitectos.com\/en\/"},{"@type":"ListItem","position":2,"name":"New Health Center, Gamarra, M\u00e1laga"}]},{"@type":"WebSite","@id":"https:\/\/molinacarnerosarquitectos.com\/en\/#website","url":"https:\/\/molinacarnerosarquitectos.com\/en\/","name":"Molina Carneros Arquitectos","description":"","publisher":{"@id":"https:\/\/molinacarnerosarquitectos.com\/en\/#organization"},"potentialAction":[{"@type":"SearchAction","target":{"@type":"EntryPoint","urlTemplate":"https:\/\/molinacarnerosarquitectos.com\/en\/?s={search_term_string}"},"query-input":{"@type":"PropertyValueSpecification","valueRequired":true,"valueName":"search_term_string"}}],"inLanguage":"en-US"},{"@type":"Organization","@id":"https:\/\/molinacarnerosarquitectos.com\/en\/#organization","name":"Molina Carneros Arquitectos","url":"https:\/\/molinacarnerosarquitectos.com\/en\/","logo":{"@type":"ImageObject","inLanguage":"en-US","@id":"https:\/\/molinacarnerosarquitectos.com\/en\/#\/schema\/logo\/image\/","url":"https:\/\/molinacarnerosarquitectos.com\/wp-content\/uploads\/2023\/01\/WhatsApp-Image-2023-01-11-at-13.32.21.jpeg","contentUrl":"https:\/\/molinacarnerosarquitectos.com\/wp-content\/uploads\/2023\/01\/WhatsApp-Image-2023-01-11-at-13.32.21.jpeg","width":846,"height":217,"caption":"Molina Carneros Arquitectos"},"image":{"@id":"https:\/\/molinacarnerosarquitectos.com\/en\/#\/schema\/logo\/image\/"},"sameAs":["https:\/\/www.instagram.com\/_molina_carneros_\/"]}]}},"_links":{"self":[{"href":"https:\/\/molinacarnerosarquitectos.com\/en\/wp-json\/wp\/v2\/pages\/5089","targetHints":{"allow":["GET"]}}],"collection":[{"href":"https:\/\/molinacarnerosarquitectos.com\/en\/wp-json\/wp\/v2\/pages"}],"about":[{"href":"https:\/\/molinacarnerosarquitectos.com\/en\/wp-json\/wp\/v2\/types\/page"}],"author":[{"embeddable":true,"href":"https:\/\/molinacarnerosarquitectos.com\/en\/wp-json\/wp\/v2\/users\/2"}],"replies":[{"embeddable":true,"href":"https:\/\/molinacarnerosarquitectos.com\/en\/wp-json\/wp\/v2\/comments?post=5089"}],"version-history":[{"count":1,"href":"https:\/\/molinacarnerosarquitectos.com\/en\/wp-json\/wp\/v2\/pages\/5089\/revisions"}],"predecessor-version":[{"id":5090,"href":"https:\/\/molinacarnerosarquitectos.com\/en\/wp-json\/wp\/v2\/pages\/5089\/revisions\/5090"}],"wp:attachment":[{"href":"https:\/\/molinacarnerosarquitectos.com\/en\/wp-json\/wp\/v2\/media?parent=5089"}],"curies":[{"name":"wp","href":"https:\/\/api.w.org\/{rel}","templated":true}]}}